{"id":6884,"date":"2023-06-08T20:10:03","date_gmt":"2023-06-08T19:10:03","guid":{"rendered":"https:\/\/noudisplay.com\/index.php\/inicio-2\/"},"modified":"2025-11-13T12:20:38","modified_gmt":"2025-11-13T12:20:38","slug":"inicio-2","status":"publish","type":"page","link":"https:\/\/noudisplay.com\/index.php\/inicio-2\/?lang=es","title":{"rendered":"Inicio"},"content":{"rendered":"<p>[et_pb_section fb_built=&#8221;1&#8243; _builder_version=&#8221;4.16&#8243; custom_padding=&#8221;0px|0px|0px|0px&#8221; global_colors_info=&#8221;{}&#8221;][et_pb_row column_structure=&#8221;1_2,1_2&#8243; make_equal=&#8221;on&#8221; disabled_on=&#8221;off|off|&#8221; _builder_version=&#8221;4.16&#8243; background_size=&#8221;initial&#8221; background_position=&#8221;top_left&#8221; background_repeat=&#8221;repeat&#8221; custom_margin=&#8221;50px|||&#8221; custom_padding=&#8221;0px|0px|1px|0px&#8221; global_colors_info=&#8221;{}&#8221;][et_pb_column type=&#8221;1_2&#8243; module_class=&#8221;ds-vertical-align&#8221; _builder_version=&#8221;4.16&#8243; custom_padding=&#8221;|||&#8221; global_colors_info=&#8221;{}&#8221; custom_padding__hover=&#8221;|||&#8221;][et_pb_image src=&#8221;https:\/\/noudisplay.com\/wp-content\/uploads\/2020\/07\/Nespresso-esp03.jpg&#8221; align_tablet=&#8221;center&#8221; align_phone=&#8221;center&#8221; align_last_edited=&#8221;on|desktop&#8221; admin_label=&#8221;Nespresso&#8221; _builder_version=&#8221;4.27.4&#8243; custom_margin=&#8221;|||0px&#8221; hover_enabled=&#8221;0&#8243; always_center_on_mobile=&#8221;on&#8221; global_colors_info=&#8221;{}&#8221; title_text=&#8221;Nespresso-esp03&#8243; sticky_enabled=&#8221;0&#8243;][\/et_pb_image][\/et_pb_column][et_pb_column type=&#8221;1_2&#8243; module_class=&#8221;ds-vertical-align&#8221; _builder_version=&#8221;4.16&#8243; custom_padding=&#8221;|||&#8221; global_colors_info=&#8221;{}&#8221; custom_padding__hover=&#8221;|||&#8221;][et_pb_image src=&#8221;https:\/\/noudisplay.com\/wp-content\/uploads\/2023\/06\/Martini-esp04.jpg&#8221; title_text=&#8221;Martini-esp04&#8243; align_tablet=&#8221;center&#8221; align_phone=&#8221;center&#8221; align_last_edited=&#8221;on|desktop&#8221; admin_label=&#8221;Martini&#8221; module_class=&#8221;sg-popup-id-6254&#8243; _builder_version=&#8221;4.27.4&#8243; custom_margin=&#8221;|||0px&#8221; hover_enabled=&#8221;0&#8243; always_center_on_mobile=&#8221;on&#8221; global_colors_info=&#8221;{}&#8221; sticky_enabled=&#8221;0&#8243;][\/et_pb_image][\/et_pb_column][\/et_pb_row][et_pb_row make_equal=&#8221;on&#8221; disabled_on=&#8221;off|off|&#8221; _builder_version=&#8221;4.16&#8243; background_size=&#8221;initial&#8221; background_position=&#8221;top_left&#8221; background_repeat=&#8221;repeat&#8221; custom_margin=&#8221;50px|||&#8221; custom_padding=&#8221;0px|0px|1px|0px&#8221; global_colors_info=&#8221;{}&#8221;][et_pb_column type=&#8221;4_4&#8243; module_class=&#8221;ds-vertical-align&#8221; _builder_version=&#8221;4.16&#8243; custom_padding=&#8221;|||&#8221; global_colors_info=&#8221;{}&#8221; custom_padding__hover=&#8221;|||&#8221;][et_pb_text _builder_version=&#8221;4.16&#8243; text_text_color=&#8221;#666666&#8243; text_orientation=&#8221;center&#8221; custom_margin=&#8221;|||-30px&#8221; global_colors_info=&#8221;{}&#8221;]<\/p>\n<p style=\"text-align: center;\">Cambia la comunicaci\u00f3n, aparecen nuevas t\u00e9cnicas y la tecnolog\u00eda desempe\u00f1a un papel fundamental. Sin embargo, m\u00e1s del 70% de las decisiones de compra siguen tom\u00e1ndose en el propio punto de venta, donde se produce el contacto f\u00edsico con el producto. Es el momento de la verdad y no puede fallarse. Y ah\u00ed, destacar, informar y seducir siguen siendo los objetivos fundamentales.<\/p>\n<p>[\/et_pb_text][et_pb_divider show_divider=&#8221;off&#8221; _builder_version=&#8221;4.16&#8243; height=&#8221;30px&#8221; global_colors_info=&#8221;{}&#8221;][\/et_pb_divider][\/et_pb_column][\/et_pb_row][\/et_pb_section]<\/p>\n","protected":false},"excerpt":{"rendered":"<p>Cambia la comunicaci\u00f3n, aparecen nuevas t\u00e9cnicas y la tecnolog\u00eda desempe\u00f1a un papel fundamental. Sin embargo, m\u00e1s del 70% de las decisiones de compra siguen tom\u00e1ndose en el propio punto de venta, donde se produce el contacto f\u00edsico con el producto. Es el momento de la verdad y no puede fallarse. Y ah\u00ed, destacar, informar y [&hellip;]<\/p>\n","protected":false},"author":1,"featured_media":0,"parent":0,"menu_order":0,"comment_status":"closed","ping_status":"closed","template":"","meta":{"_et_pb_use_builder":"on","_et_pb_old_content":"","_et_gb_content_width":"","footnotes":""},"class_list":["post-6884","page","type-page","status-publish","hentry"],"_links":{"self":[{"href":"https:\/\/noudisplay.com\/index.php\/wp-json\/wp\/v2\/pages\/6884","targetHints":{"allow":["GET"]}}],"collection":[{"href":"https:\/\/noudisplay.com\/index.php\/wp-json\/wp\/v2\/pages"}],"about":[{"href":"https:\/\/noudisplay.com\/index.php\/wp-json\/wp\/v2\/types\/page"}],"author":[{"embeddable":true,"href":"https:\/\/noudisplay.com\/index.php\/wp-json\/wp\/v2\/users\/1"}],"replies":[{"embeddable":true,"href":"https:\/\/noudisplay.com\/index.php\/wp-json\/wp\/v2\/comments?post=6884"}],"version-history":[{"count":4,"href":"https:\/\/noudisplay.com\/index.php\/wp-json\/wp\/v2\/pages\/6884\/revisions"}],"predecessor-version":[{"id":6889,"href":"https:\/\/noudisplay.com\/index.php\/wp-json\/wp\/v2\/pages\/6884\/revisions\/6889"}],"wp:attachment":[{"href":"https:\/\/noudisplay.com\/index.php\/wp-json\/wp\/v2\/media?parent=6884"}],"curies":[{"name":"wp","href":"https:\/\/api.w.org\/{rel}","templated":true}]}}