{"id":6374,"date":"2023-06-08T20:10:03","date_gmt":"2023-06-08T19:10:03","guid":{"rendered":"http:\/\/noudisplay.com\/?page_id=6374"},"modified":"2023-08-07T16:20:07","modified_gmt":"2023-08-07T15:20:07","slug":"inicio","status":"publish","type":"page","link":"https:\/\/noudisplay.com\/index.php\/inicio\/","title":{"rendered":"Inicio"},"content":{"rendered":"<p>[et_pb_section fb_built=&#8221;1&#8243; _builder_version=&#8221;4.16&#8243; custom_padding=&#8221;0px|0px|0px|0px&#8221; global_colors_info=&#8221;{}&#8221;][et_pb_row column_structure=&#8221;1_2,1_2&#8243; make_equal=&#8221;on&#8221; disabled_on=&#8221;off|off|&#8221; _builder_version=&#8221;4.16&#8243; background_size=&#8221;initial&#8221; background_position=&#8221;top_left&#8221; background_repeat=&#8221;repeat&#8221; custom_margin=&#8221;50px|||&#8221; custom_padding=&#8221;0px|0px|1px|0px&#8221; global_colors_info=&#8221;{}&#8221;][et_pb_column type=&#8221;1_2&#8243; module_class=&#8221;ds-vertical-align&#8221; _builder_version=&#8221;4.16&#8243; custom_padding=&#8221;|||&#8221; global_colors_info=&#8221;{}&#8221; custom_padding__hover=&#8221;|||&#8221;][et_pb_image src=&#8221;https:\/\/noudisplay.com\/wp-content\/uploads\/2020\/07\/Nespresso-cat03.jpg&#8221; align_tablet=&#8221;center&#8221; align_phone=&#8221;center&#8221; align_last_edited=&#8221;on|desktop&#8221; admin_label=&#8221;Nespresso&#8221; _builder_version=&#8221;4.16&#8243; custom_margin=&#8221;|||0px&#8221; always_center_on_mobile=&#8221;on&#8221; global_colors_info=&#8221;{}&#8221;][\/et_pb_image][\/et_pb_column][et_pb_column type=&#8221;1_2&#8243; module_class=&#8221;ds-vertical-align&#8221; _builder_version=&#8221;4.16&#8243; custom_padding=&#8221;|||&#8221; global_colors_info=&#8221;{}&#8221; custom_padding__hover=&#8221;|||&#8221;][et_pb_image src=&#8221;https:\/\/noudisplay.com\/wp-content\/uploads\/2023\/06\/Martini-cat04.jpg&#8221; title_text=&#8221;Martini-cat04&#8243; align_tablet=&#8221;center&#8221; align_phone=&#8221;center&#8221; align_last_edited=&#8221;on|desktop&#8221; admin_label=&#8221;Martini&#8221; module_class=&#8221;sg-popup-id-6254&#8243; _builder_version=&#8221;4.21.2&#8243; custom_margin=&#8221;|||0px&#8221; hover_enabled=&#8221;0&#8243; always_center_on_mobile=&#8221;on&#8221; global_colors_info=&#8221;{}&#8221; sticky_enabled=&#8221;0&#8243;][\/et_pb_image][\/et_pb_column][\/et_pb_row][et_pb_row make_equal=&#8221;on&#8221; disabled_on=&#8221;off|off|&#8221; _builder_version=&#8221;4.16&#8243; background_size=&#8221;initial&#8221; background_position=&#8221;top_left&#8221; background_repeat=&#8221;repeat&#8221; custom_margin=&#8221;50px|||&#8221; custom_padding=&#8221;0px|0px|1px|0px&#8221; global_colors_info=&#8221;{}&#8221;][et_pb_column type=&#8221;4_4&#8243; module_class=&#8221;ds-vertical-align&#8221; _builder_version=&#8221;4.16&#8243; custom_padding=&#8221;|||&#8221; global_colors_info=&#8221;{}&#8221; custom_padding__hover=&#8221;|||&#8221;][et_pb_text _builder_version=&#8221;4.16&#8243; text_text_color=&#8221;#666666&#8243; text_orientation=&#8221;center&#8221; custom_margin=&#8221;|||-30px&#8221; global_colors_info=&#8221;{}&#8221;]<\/p>\n<p style=\"text-align: center;\">Canvia la comunicaci\u00f3, apareixen noves t\u00e8cniques i la tecnologia juga un paper fonamental. Malgrat tot, m\u00e9s del 70% de les decisions de compra segueixen prenent-se al propi punt de venda, on es produeix el contacte f\u00edsic amb el producte. \u00c9s el moment de la veritat i no es pot fallar. I all\u00e0, destacar, informar i seduir segueixen sent els objectius fonamentals.<\/p>\n<p>[\/et_pb_text][et_pb_divider show_divider=&#8221;off&#8221; _builder_version=&#8221;4.16&#8243; height=&#8221;30px&#8221; global_colors_info=&#8221;{}&#8221;][\/et_pb_divider][\/et_pb_column][\/et_pb_row][\/et_pb_section]<\/p>\n","protected":false},"excerpt":{"rendered":"<p>Canvia la comunicaci\u00f3, apareixen noves t\u00e8cniques i la tecnologia juga un paper fonamental. Malgrat tot, m\u00e9s del 70% de les decisions de compra segueixen prenent-se al propi punt de venda, on es produeix el contacte f\u00edsic amb el producte. \u00c9s el moment de la veritat i no es pot fallar. I all\u00e0, destacar, informar i [&hellip;]<\/p>\n","protected":false},"author":1,"featured_media":0,"parent":0,"menu_order":0,"comment_status":"closed","ping_status":"closed","template":"","meta":{"_et_pb_use_builder":"on","_et_pb_old_content":"","_et_gb_content_width":"","footnotes":""},"class_list":["post-6374","page","type-page","status-publish","hentry"],"_links":{"self":[{"href":"https:\/\/noudisplay.com\/index.php\/wp-json\/wp\/v2\/pages\/6374","targetHints":{"allow":["GET"]}}],"collection":[{"href":"https:\/\/noudisplay.com\/index.php\/wp-json\/wp\/v2\/pages"}],"about":[{"href":"https:\/\/noudisplay.com\/index.php\/wp-json\/wp\/v2\/types\/page"}],"author":[{"embeddable":true,"href":"https:\/\/noudisplay.com\/index.php\/wp-json\/wp\/v2\/users\/1"}],"replies":[{"embeddable":true,"href":"https:\/\/noudisplay.com\/index.php\/wp-json\/wp\/v2\/comments?post=6374"}],"version-history":[{"count":3,"href":"https:\/\/noudisplay.com\/index.php\/wp-json\/wp\/v2\/pages\/6374\/revisions"}],"predecessor-version":[{"id":6387,"href":"https:\/\/noudisplay.com\/index.php\/wp-json\/wp\/v2\/pages\/6374\/revisions\/6387"}],"wp:attachment":[{"href":"https:\/\/noudisplay.com\/index.php\/wp-json\/wp\/v2\/media?parent=6374"}],"curies":[{"name":"wp","href":"https:\/\/api.w.org\/{rel}","templated":true}]}}