{"id":6241,"date":"2020-06-18T16:39:28","date_gmt":"2020-06-18T15:39:28","guid":{"rendered":"http:\/\/noudisplay.com\/?page_id=6241"},"modified":"2023-06-09T10:58:23","modified_gmt":"2023-06-09T09:58:23","slug":"inicio-18062020","status":"publish","type":"page","link":"https:\/\/noudisplay.com\/index.php\/inicio-18062020\/","title":{"rendered":"Inicio 18062020"},"content":{"rendered":"<p>[et_pb_section bb_built=&#8221;1&#8243; _builder_version=&#8221;3.0.47&#8243; custom_padding=&#8221;0px|0px|0px|0px&#8221;][et_pb_row custom_padding=&#8221;0px|0px|1px|0px&#8221; make_equal=&#8221;on&#8221; module_class_1=&#8221;ds-vertical-align&#8221; module_class_2=&#8221;ds-vertical-align&#8221; _builder_version=&#8221;3.0.100&#8243; background_size=&#8221;initial&#8221; background_position=&#8221;top_left&#8221; background_repeat=&#8221;repeat&#8221; disabled=&#8221;off&#8221; disabled_on=&#8221;off|off|&#8221; custom_margin=&#8221;50px|||&#8221;][et_pb_column type=&#8221;1_3&#8243;][et_pb_image admin_label=&#8221;Nespresso&#8221; src=&#8221;https:\/\/noudisplay.com\/wp-content\/uploads\/2020\/07\/Nespresso-360&#215;480.jpg&#8221; url_new_window=&#8221;off&#8221; _builder_version=&#8221;3.0.100&#8243; show_in_lightbox=&#8221;off&#8221; use_overlay=&#8221;off&#8221; always_center_on_mobile=&#8221;on&#8221; force_fullwidth=&#8221;off&#8221; show_bottom_space=&#8221;on&#8221; custom_margin=&#8221;|||0px&#8221; \/][et_pb_text _builder_version=&#8221;3.0.100&#8243; background_layout=&#8221;light&#8221;]<\/p>\n<p><strong>1r premi categoria Expositor, Concurs d&#8217;Arts<br \/>\nGr\u00e0fiques<\/strong> (Gremi de la Ind\u00fastria i la<br \/>\nComunicaci\u00f3 Gr\u00e0fica de Catalunya) 2015<\/p>\n<p>[\/et_pb_text][\/et_pb_column][et_pb_column type=&#8221;1_3&#8243;][et_pb_image src=&#8221;https:\/\/noudisplay.com\/wp-content\/uploads\/2020\/07\/Martini-360&#215;480.jpg&#8221; url_new_window=&#8221;off&#8221; _builder_version=&#8221;3.0.100&#8243; show_in_lightbox=&#8221;off&#8221; use_overlay=&#8221;off&#8221; always_center_on_mobile=&#8221;on&#8221; force_fullwidth=&#8221;off&#8221; show_bottom_space=&#8221;on&#8221; custom_margin=&#8221;|||0px&#8221; \/][et_pb_text _builder_version=&#8221;3.0.100&#8243; background_layout=&#8221;light&#8221;]<\/p>\n<p><strong>1r premi categoria Expositor, Concurs d&#8217;Arts<br \/>\nGr\u00e0fiques<\/strong> (Gremi de la Ind\u00fastria i la<br \/>\nComunicaci\u00f3 Gr\u00e0fica de Catalunya) 2018<\/p>\n<p>[\/et_pb_text][\/et_pb_column][et_pb_column type=&#8221;1_3&#8243;][et_pb_image _builder_version=&#8221;3.0.100&#8243; src=&#8221;https:\/\/noudisplay.com\/wp-content\/uploads\/2020\/07\/pack-mascaretes.jpg&#8221; show_in_lightbox=&#8221;off&#8221; url_new_window=&#8221;off&#8221; use_overlay=&#8221;off&#8221; always_center_on_mobile=&#8221;on&#8221; force_fullwidth=&#8221;off&#8221; show_bottom_space=&#8221;on&#8221; module_class=&#8221;sg-popup-id-6254&#8243; \/][\/et_pb_column][\/et_pb_row][et_pb_row custom_padding=&#8221;0px|0px|1px|0px&#8221; make_equal=&#8221;on&#8221; module_class_1=&#8221;ds-vertical-align&#8221; module_class_2=&#8221;ds-vertical-align&#8221; _builder_version=&#8221;3.0.100&#8243; background_size=&#8221;initial&#8221; background_position=&#8221;top_left&#8221; background_repeat=&#8221;repeat&#8221; disabled=&#8221;off&#8221; disabled_on=&#8221;off|off|&#8221; custom_margin=&#8221;50px|||&#8221;][et_pb_column type=&#8221;4_4&#8243;][et_pb_text _builder_version=&#8221;3.0.100&#8243; custom_margin=&#8221;|||-30px&#8221; text_text_color=&#8221;#666666&#8243; background_layout=&#8221;light&#8221; text_orientation=&#8221;center&#8221; text_font_size=&#8221;18px&#8221;]<\/p>\n<p>Canvia la comunicaci\u00f3, apareixen noves t\u00e8cniques i la tecnologia juga un paper fonamental.<br \/>\nMalgrat tot, m\u00e9s del 70% de les decisions de compra segueixen prenent-se al propi punt de venda,<br \/>\non es produeix el contacte f\u00edsic amb el producte. \u00c9s el moment de la veritat i no es pot fallar.<br \/>\nI all\u00e0, destacar, informar i seduir segueixen sent els objectius fonamentals.<\/p>\n<p>[\/et_pb_text][\/et_pb_column][\/et_pb_row][et_pb_row][et_pb_column type=&#8221;4_4&#8243;][et_pb_divider _builder_version=&#8221;3.0.100&#8243; height=&#8221;30px&#8221; \/][\/et_pb_column][\/et_pb_row][\/et_pb_section]<\/p>\n","protected":false},"excerpt":{"rendered":"<p>1r premi categoria Expositor, Concurs d&#8217;Arts Gr\u00e0fiques (Gremi de la Ind\u00fastria i la Comunicaci\u00f3 Gr\u00e0fica de Catalunya) 2015 1r premi categoria Expositor, Concurs d&#8217;Arts Gr\u00e0fiques (Gremi de la Ind\u00fastria i la Comunicaci\u00f3 Gr\u00e0fica de Catalunya) 2018 Canvia la comunicaci\u00f3, apareixen noves t\u00e8cniques i la tecnologia juga un paper fonamental. Malgrat tot, m\u00e9s del 70% de [&hellip;]<\/p>\n","protected":false},"author":1,"featured_media":0,"parent":0,"menu_order":0,"comment_status":"closed","ping_status":"closed","template":"","meta":{"_et_pb_use_builder":"on","_et_pb_old_content":"","_et_gb_content_width":"","footnotes":""},"class_list":["post-6241","page","type-page","status-publish","hentry"],"_links":{"self":[{"href":"https:\/\/noudisplay.com\/index.php\/wp-json\/wp\/v2\/pages\/6241","targetHints":{"allow":["GET"]}}],"collection":[{"href":"https:\/\/noudisplay.com\/index.php\/wp-json\/wp\/v2\/pages"}],"about":[{"href":"https:\/\/noudisplay.com\/index.php\/wp-json\/wp\/v2\/types\/page"}],"author":[{"embeddable":true,"href":"https:\/\/noudisplay.com\/index.php\/wp-json\/wp\/v2\/users\/1"}],"replies":[{"embeddable":true,"href":"https:\/\/noudisplay.com\/index.php\/wp-json\/wp\/v2\/comments?post=6241"}],"version-history":[{"count":12,"href":"https:\/\/noudisplay.com\/index.php\/wp-json\/wp\/v2\/pages\/6241\/revisions"}],"predecessor-version":[{"id":6266,"href":"https:\/\/noudisplay.com\/index.php\/wp-json\/wp\/v2\/pages\/6241\/revisions\/6266"}],"wp:attachment":[{"href":"https:\/\/noudisplay.com\/index.php\/wp-json\/wp\/v2\/media?parent=6241"}],"curies":[{"name":"wp","href":"https:\/\/api.w.org\/{rel}","templated":true}]}}