{"id":6014,"date":"2018-02-07T10:01:47","date_gmt":"2018-02-07T10:01:47","guid":{"rendered":"http:\/\/noudisplay.com\/?page_id=6014"},"modified":"2023-06-19T15:31:58","modified_gmt":"2023-06-19T14:31:58","slug":"inicio-07022018","status":"publish","type":"page","link":"https:\/\/noudisplay.com\/index.php\/inicio-07022018\/?lang=es","title":{"rendered":"Inicio 07022018"},"content":{"rendered":"<p>[et_pb_section bb_built=&#8221;1&#8243; _builder_version=&#8221;3.0.47&#8243; custom_padding=&#8221;0px|0px|0px|0px&#8221;][et_pb_row custom_padding=&#8221;0px|0px|1px|0px&#8221; make_equal=&#8221;on&#8221; module_class_1=&#8221;ds-vertical-align&#8221; module_class_2=&#8221;ds-vertical-align&#8221; _builder_version=&#8221;3.0.93&#8243; background_size=&#8221;initial&#8221; background_position=&#8221;top_left&#8221; background_repeat=&#8221;repeat&#8221; disabled=&#8221;off&#8221; disabled_on=&#8221;on|off|&#8221; custom_margin=&#8221;50px|||&#8221;][et_pb_column type=&#8221;1_2&#8243;][et_pb_image src=&#8221;https:\/\/noudisplay.com\/wp-content\/uploads\/2018\/02\/nespresso-esp00_510x485.jpg&#8221; url_new_window=&#8221;off&#8221; _builder_version=&#8221;3.0.100&#8243; show_in_lightbox=&#8221;off&#8221; use_overlay=&#8221;off&#8221; always_center_on_mobile=&#8221;on&#8221; force_fullwidth=&#8221;off&#8221; show_bottom_space=&#8221;on&#8221; custom_margin=&#8221;|||0px&#8221; \/][\/et_pb_column][et_pb_column type=&#8221;1_2&#8243;][et_pb_text _builder_version=&#8221;3.0.83&#8243; custom_margin=&#8221;|||-30px&#8221; text_text_color=&#8221;#666666&#8243;]<\/p>\n<p>Cambia la comunicaci\u00f3n, aparecen nuevas t\u00e9cnicas y la tecnolog\u00eda juega un papel fundamental. A pesar de todo, m\u00e1s del 70% de las decisiones de compra siguen tom\u00e1ndose en el propio punto de venta, donde se produce el contacto f\u00edsico con el producto. Es el momento de la verdad y no se puede fallar.<br \/>\nY all\u00ed, destacar, informar y seducir siguen siendo los objetivos fundamentales.<\/p>\n<p>[\/et_pb_text][\/et_pb_column][\/et_pb_row][et_pb_row custom_padding=&#8221;0px|0px|1px|0px&#8221; make_equal=&#8221;on&#8221; module_class_1=&#8221;ds-vertical-align&#8221; module_class_2=&#8221;ds-vertical-align&#8221; _builder_version=&#8221;3.0.83&#8243; background_size=&#8221;initial&#8221; background_position=&#8221;top_left&#8221; background_repeat=&#8221;repeat&#8221; disabled=&#8221;off&#8221; disabled_on=&#8221;|on|on&#8221;][et_pb_column type=&#8221;1_2&#8243;][et_pb_image src=&#8221;https:\/\/noudisplay.com\/wp-content\/uploads\/2018\/02\/nespresso-esp00_510x485.jpg&#8221; url_new_window=&#8221;off&#8221; _builder_version=&#8221;3.0.100&#8243; show_in_lightbox=&#8221;off&#8221; use_overlay=&#8221;off&#8221; always_center_on_mobile=&#8221;on&#8221; force_fullwidth=&#8221;off&#8221; show_bottom_space=&#8221;on&#8221; custom_margin=&#8221;|||0px&#8221; \/][\/et_pb_column][et_pb_column type=&#8221;1_2&#8243;][et_pb_text _builder_version=&#8221;3.0.83&#8243; custom_margin=&#8221;|||0px&#8221; text_text_color=&#8221;#666666&#8243;]<\/p>\n<p>Cambia la comunicaci\u00f3n, aparecen nuevas t\u00e9cnicas y la tecnolog\u00eda juega un papel fundamental. A pesar de todo, m\u00e1s del 70% de las decisiones de compra siguen tom\u00e1ndose en el propio punto de venta, donde se produce el contacto f\u00edsico con el producto. Es el momento de la verdad y no se puede fallar.<br \/>\nY all\u00ed, destacar, informar y seducir siguen siendo los objetivos fundamentales.<\/p>\n<p>[\/et_pb_text][\/et_pb_column][\/et_pb_row][\/et_pb_section]<\/p>\n","protected":false},"excerpt":{"rendered":"<p>Cambia la comunicaci\u00f3n, aparecen nuevas t\u00e9cnicas y la tecnolog\u00eda juega un papel fundamental. A pesar de todo, m\u00e1s del 70% de las decisiones de compra siguen tom\u00e1ndose en el propio punto de venta, donde se produce el contacto f\u00edsico con el producto. Es el momento de la verdad y no se puede fallar. Y all\u00ed, [&hellip;]<\/p>\n","protected":false},"author":1,"featured_media":0,"parent":0,"menu_order":0,"comment_status":"closed","ping_status":"closed","template":"","meta":{"_et_pb_use_builder":"on","_et_pb_old_content":"","_et_gb_content_width":"","footnotes":""},"class_list":["post-6014","page","type-page","status-publish","hentry"],"_links":{"self":[{"href":"https:\/\/noudisplay.com\/index.php\/wp-json\/wp\/v2\/pages\/6014","targetHints":{"allow":["GET"]}}],"collection":[{"href":"https:\/\/noudisplay.com\/index.php\/wp-json\/wp\/v2\/pages"}],"about":[{"href":"https:\/\/noudisplay.com\/index.php\/wp-json\/wp\/v2\/types\/page"}],"author":[{"embeddable":true,"href":"https:\/\/noudisplay.com\/index.php\/wp-json\/wp\/v2\/users\/1"}],"replies":[{"embeddable":true,"href":"https:\/\/noudisplay.com\/index.php\/wp-json\/wp\/v2\/comments?post=6014"}],"version-history":[{"count":3,"href":"https:\/\/noudisplay.com\/index.php\/wp-json\/wp\/v2\/pages\/6014\/revisions"}],"predecessor-version":[{"id":6126,"href":"https:\/\/noudisplay.com\/index.php\/wp-json\/wp\/v2\/pages\/6014\/revisions\/6126"}],"wp:attachment":[{"href":"https:\/\/noudisplay.com\/index.php\/wp-json\/wp\/v2\/media?parent=6014"}],"curies":[{"name":"wp","href":"https:\/\/api.w.org\/{rel}","templated":true}]}}