{"id":6013,"date":"2018-01-08T20:41:40","date_gmt":"2018-01-08T20:41:40","guid":{"rendered":"http:\/\/noudisplay.com\/?page_id=6013"},"modified":"2023-06-09T10:57:54","modified_gmt":"2023-06-09T09:57:54","slug":"inicio-07022018","status":"publish","type":"page","link":"https:\/\/noudisplay.com\/index.php\/inicio-07022018\/","title":{"rendered":"Inicio 07022018"},"content":{"rendered":"<p>[et_pb_section bb_built=&#8221;1&#8243; _builder_version=&#8221;3.0.47&#8243; custom_padding=&#8221;0px|0px|0px|0px&#8221;][et_pb_row custom_padding=&#8221;0px|0px|1px|0px&#8221; make_equal=&#8221;on&#8221; module_class_1=&#8221;ds-vertical-align&#8221; module_class_2=&#8221;ds-vertical-align&#8221; _builder_version=&#8221;3.0.93&#8243; background_size=&#8221;initial&#8221; background_position=&#8221;top_left&#8221; background_repeat=&#8221;repeat&#8221; disabled=&#8221;off&#8221; disabled_on=&#8221;on|off|&#8221; custom_margin=&#8221;50px|||&#8221;][et_pb_column type=&#8221;1_2&#8243;][et_pb_image src=&#8221;https:\/\/noudisplay.com\/wp-content\/uploads\/2018\/02\/nespresso-cat00_510x485.jpg&#8221; url_new_window=&#8221;off&#8221; _builder_version=&#8221;3.0.100&#8243; show_in_lightbox=&#8221;off&#8221; use_overlay=&#8221;off&#8221; always_center_on_mobile=&#8221;on&#8221; force_fullwidth=&#8221;off&#8221; show_bottom_space=&#8221;on&#8221; custom_margin=&#8221;|||0px&#8221; \/][\/et_pb_column][et_pb_column type=&#8221;1_2&#8243;][et_pb_text _builder_version=&#8221;3.0.83&#8243; custom_margin=&#8221;|||-30px&#8221; text_text_color=&#8221;#666666&#8243;]<\/p>\n<p>Canvia la comunicaci\u00f3, apareixen noves t\u00e8cniques i la tecnologia juga un paper<br \/>\nfonamental. Malgrat tot, m\u00e9s del 70% de les decisions de compra segueixen<br \/>\nprenent-se al propi punt de venda, on es produeix el contacte f\u00edsic amb el<br \/>\nproducte. \u00c9s el moment de la veritat i no es pot fallar.<\/p>\n<p>I all\u00e0, destacar, informar i seduir segueixen sent els objectius fonamentals.<\/p>\n<p>[\/et_pb_text][\/et_pb_column][\/et_pb_row][et_pb_row custom_padding=&#8221;0px|0px|1px|0px&#8221; make_equal=&#8221;on&#8221; module_class_1=&#8221;ds-vertical-align&#8221; module_class_2=&#8221;ds-vertical-align&#8221; _builder_version=&#8221;3.0.83&#8243; background_size=&#8221;initial&#8221; background_position=&#8221;top_left&#8221; background_repeat=&#8221;repeat&#8221; disabled=&#8221;off&#8221; disabled_on=&#8221;|on|on&#8221;][et_pb_column type=&#8221;1_2&#8243;][et_pb_image src=&#8221;https:\/\/noudisplay.com\/wp-content\/uploads\/2018\/02\/nespresso-cat00_510x485.jpg&#8221; url=&#8221;http:\/\/ciberpyme.barcelona\/noudisplay\/wp-content\/uploads\/2017\/10\/Imatge-Nespresso-home.jpg&#8221; url_new_window=&#8221;off&#8221; _builder_version=&#8221;3.0.100&#8243; show_in_lightbox=&#8221;off&#8221; use_overlay=&#8221;off&#8221; always_center_on_mobile=&#8221;on&#8221; force_fullwidth=&#8221;off&#8221; show_bottom_space=&#8221;on&#8221; \/][\/et_pb_column][et_pb_column type=&#8221;1_2&#8243;][et_pb_text _builder_version=&#8221;3.0.83&#8243; custom_margin=&#8221;|||0px&#8221; text_text_color=&#8221;#666666&#8243;]<\/p>\n<p>Canvia la comunicaci\u00f3, apareixen noves t\u00e8cniques i la tecnologia juga un paper fonamental. Malgrat tot, m\u00e9s del 70% de les decisions de compra segueixen&nbsp;prenent-se al propi punt de venda, on es produeix el contacte f\u00edsic amb el&nbsp;producte. \u00c9s el moment de la veritat i no es pot fallar.<\/p>\n<p>I all\u00e0, destacar, informar i seduir segueixen sent els objectius fonamentals.<\/p>\n<p>[\/et_pb_text][\/et_pb_column][\/et_pb_row][\/et_pb_section]<\/p>\n","protected":false},"excerpt":{"rendered":"<p>Canvia la comunicaci\u00f3, apareixen noves t\u00e8cniques i la tecnologia juga un paper fonamental. Malgrat tot, m\u00e9s del 70% de les decisions de compra segueixen prenent-se al propi punt de venda, on es produeix el contacte f\u00edsic amb el producte. \u00c9s el moment de la veritat i no es pot fallar. I all\u00e0, destacar, informar i [&hellip;]<\/p>\n","protected":false},"author":1,"featured_media":0,"parent":0,"menu_order":0,"comment_status":"closed","ping_status":"closed","template":"","meta":{"_et_pb_use_builder":"on","_et_pb_old_content":"","_et_gb_content_width":"","footnotes":""},"class_list":["post-6013","page","type-page","status-publish","hentry"],"_links":{"self":[{"href":"https:\/\/noudisplay.com\/index.php\/wp-json\/wp\/v2\/pages\/6013","targetHints":{"allow":["GET"]}}],"collection":[{"href":"https:\/\/noudisplay.com\/index.php\/wp-json\/wp\/v2\/pages"}],"about":[{"href":"https:\/\/noudisplay.com\/index.php\/wp-json\/wp\/v2\/types\/page"}],"author":[{"embeddable":true,"href":"https:\/\/noudisplay.com\/index.php\/wp-json\/wp\/v2\/users\/1"}],"replies":[{"embeddable":true,"href":"https:\/\/noudisplay.com\/index.php\/wp-json\/wp\/v2\/comments?post=6013"}],"version-history":[{"count":4,"href":"https:\/\/noudisplay.com\/index.php\/wp-json\/wp\/v2\/pages\/6013\/revisions"}],"predecessor-version":[{"id":6124,"href":"https:\/\/noudisplay.com\/index.php\/wp-json\/wp\/v2\/pages\/6013\/revisions\/6124"}],"wp:attachment":[{"href":"https:\/\/noudisplay.com\/index.php\/wp-json\/wp\/v2\/media?parent=6013"}],"curies":[{"name":"wp","href":"https:\/\/api.w.org\/{rel}","templated":true}]}}