{"id":4966,"date":"2017-12-21T15:53:47","date_gmt":"2017-12-21T15:53:47","guid":{"rendered":"http:\/\/ciberpyme.barcelona\/noudisplay\/?page_id=4966"},"modified":"2018-01-27T11:52:00","modified_gmt":"2018-01-27T11:52:00","slug":"projectes-especials-2","status":"publish","type":"page","link":"https:\/\/noudisplay.com\/index.php\/projectes-especials-2\/?lang=fr","title":{"rendered":"PROJECTES ESPECIALS 17122017"},"content":{"rendered":"<p>[et_pb_section bb_built=&#8221;1&#8243; _builder_version=&#8221;3.0.47&#8243; custom_padding=&#8221;0px|0px|0px|0px&#8221;][et_pb_row custom_padding=&#8221;0px|0px|1px|0px&#8221; make_equal=&#8221;on&#8221; module_class_1=&#8221;ds-vertical-align&#8221; module_class_2=&#8221;ds-vertical-align&#8221; _builder_version=&#8221;3.0.83&#8243; background_size=&#8221;initial&#8221; background_position=&#8221;top_left&#8221; background_repeat=&#8221;repeat&#8221; disabled=&#8221;off&#8221; disabled_on=&#8221;on|off|&#8221;][et_pb_column type=&#8221;2_3&#8243;][et_pb_text _builder_version=&#8221;3.0.83&#8243; text_text_color=&#8221;#b7b7b7&#8243; custom_margin=&#8221;|||50px&#8221;]<\/p>\n<h1 style=\"color: #666666;\">PROJETS SP\u00c9CIAUX<\/h1>\n<ul>\n<li style=\"color: #f9820c;\"><span style=\"color: #666666;\">Sp\u00e9cifiques, originaux.<\/span><\/li>\n<li style=\"color: #f9820c;\"><span style=\"color: #666666;\">Possibilit\u00e9 de quelques unit\u00e9s avec impression digitale.<\/span><\/li>\n<\/ul>\n<p>[\/et_pb_text][\/et_pb_column][et_pb_column type=&#8221;1_3&#8243;][et_pb_gallery admin_label=&#8221;Gallery-ok&#8221; _builder_version=&#8221;3.0.93&#8243; show_title_and_caption=&#8221;on&#8221; show_pagination=&#8221;on&#8221; gallery_ids=&#8221;6076,309,5635,311,313,314&#8243; fullwidth=&#8221;on&#8221; db_image_row_spacing_tablet=&#8221;51&#8243; db_image_object_fit=&#8221;initial&#8221; orientation=&#8221;landscape&#8221; zoom_icon_color=&#8221;#2ea3f2&#8243; hover_overlay_color=&#8221;rgba(255,255,255,0.9)&#8221; background_layout=&#8221;light&#8221; db_image_center_titles=&#8221;left&#8221; pagination_font_size_tablet=&#8221;51&#8243; pagination_line_height_tablet=&#8221;2&#8243; db_image_max_width_tablet=&#8221;51&#8243; db_image_max_height_tablet=&#8221;501&#8243; animation_style=&#8221;slide&#8221; animation_direction=&#8221;top&#8221; \/][\/et_pb_column][\/et_pb_row][et_pb_row custom_padding=&#8221;0px|0px|1px|0px&#8221; make_equal=&#8221;on&#8221; module_class_1=&#8221;ds-vertical-align&#8221; module_class_2=&#8221;ds-vertical-align&#8221; _builder_version=&#8221;3.0.83&#8243; background_size=&#8221;initial&#8221; background_position=&#8221;top_left&#8221; background_repeat=&#8221;repeat&#8221; disabled=&#8221;off&#8221; disabled_on=&#8221;off|on|on&#8221;][et_pb_column type=&#8221;2_3&#8243;][et_pb_text _builder_version=&#8221;3.0.83&#8243; text_text_color=&#8221;#b7b7b7&#8243;]<\/p>\n<h1 style=\"color: #666666;\">PROJETS SP\u00c9CIAUX<\/h1>\n<ul>\n<li style=\"color: #f9820c;\"><span style=\"color: #666666;\">Sp\u00e9cifiques, originaux.<\/span><\/li>\n<li style=\"color: #f9820c;\"><span style=\"color: #666666;\">Possibilit\u00e9 de quelques unit\u00e9s avec impression digitale.<\/span><\/li>\n<\/ul>\n<p>[\/et_pb_text][\/et_pb_column][et_pb_column type=&#8221;1_3&#8243;][et_pb_gallery admin_label=&#8221;Gallery-ok&#8221; _builder_version=&#8221;3.0.93&#8243; show_title_and_caption=&#8221;on&#8221; show_pagination=&#8221;on&#8221; gallery_ids=&#8221;6076,309,5635,311,313,314&#8243; fullwidth=&#8221;on&#8221; db_image_row_spacing_tablet=&#8221;51&#8243; db_image_object_fit=&#8221;initial&#8221; orientation=&#8221;landscape&#8221; zoom_icon_color=&#8221;#2ea3f2&#8243; hover_overlay_color=&#8221;rgba(255,255,255,0.9)&#8221; background_layout=&#8221;light&#8221; db_image_center_titles=&#8221;left&#8221; pagination_font_size_tablet=&#8221;51&#8243; pagination_line_height_tablet=&#8221;2&#8243; db_image_max_width_tablet=&#8221;51&#8243; db_image_max_height_tablet=&#8221;501&#8243; animation_style=&#8221;slide&#8221; animation_direction=&#8221;top&#8221; \/][\/et_pb_column][\/et_pb_row][\/et_pb_section]<\/p>\n","protected":false},"excerpt":{"rendered":"<p>PROJETS SP\u00c9CIAUX Sp\u00e9cifiques, originaux. Possibilit\u00e9 de quelques unit\u00e9s avec impression digitale. PROJETS SP\u00c9CIAUX Sp\u00e9cifiques, originaux. Possibilit\u00e9 de quelques unit\u00e9s avec impression digitale.<\/p>\n","protected":false},"author":1,"featured_media":0,"parent":0,"menu_order":0,"comment_status":"closed","ping_status":"closed","template":"","meta":{"_et_pb_use_builder":"on","_et_pb_old_content":"","_et_gb_content_width":"","footnotes":""},"class_list":["post-4966","page","type-page","status-publish","hentry"],"_links":{"self":[{"href":"https:\/\/noudisplay.com\/index.php\/wp-json\/wp\/v2\/pages\/4966","targetHints":{"allow":["GET"]}}],"collection":[{"href":"https:\/\/noudisplay.com\/index.php\/wp-json\/wp\/v2\/pages"}],"about":[{"href":"https:\/\/noudisplay.com\/index.php\/wp-json\/wp\/v2\/types\/page"}],"author":[{"embeddable":true,"href":"https:\/\/noudisplay.com\/index.php\/wp-json\/wp\/v2\/users\/1"}],"replies":[{"embeddable":true,"href":"https:\/\/noudisplay.com\/index.php\/wp-json\/wp\/v2\/comments?post=4966"}],"version-history":[{"count":12,"href":"https:\/\/noudisplay.com\/index.php\/wp-json\/wp\/v2\/pages\/4966\/revisions"}],"predecessor-version":[{"id":6078,"href":"https:\/\/noudisplay.com\/index.php\/wp-json\/wp\/v2\/pages\/4966\/revisions\/6078"}],"wp:attachment":[{"href":"https:\/\/noudisplay.com\/index.php\/wp-json\/wp\/v2\/media?parent=4966"}],"curies":[{"name":"wp","href":"https:\/\/api.w.org\/{rel}","templated":true}]}}