{"id":4809,"date":"2017-12-10T18:12:31","date_gmt":"2017-12-10T18:12:31","guid":{"rendered":"http:\/\/ciberpyme.barcelona\/noudisplay\/?page_id=4809"},"modified":"2018-04-04T09:16:04","modified_gmt":"2018-04-04T08:16:04","slug":"quisom-2-2","status":"publish","type":"page","link":"https:\/\/noudisplay.com\/index.php\/quisom-2-2\/?lang=fr","title":{"rendered":"ENGAGEMENT (10\/12\/2017)"},"content":{"rendered":"<p>[et_pb_section bb_built=&#8221;1&#8243; _builder_version=&#8221;3.0.47&#8243; custom_padding=&#8221;0px|0px|0px|0px&#8221;][et_pb_row custom_padding=&#8221;0px|0px|1px|0px&#8221; make_equal=&#8221;on&#8221; module_class_1=&#8221;ds-vertical-align&#8221; module_class_2=&#8221;ds-vertical-align&#8221; _builder_version=&#8221;3.0.93&#8243; background_size=&#8221;initial&#8221; background_position=&#8221;top_left&#8221; background_repeat=&#8221;repeat&#8221; disabled=&#8221;off&#8221; disabled_on=&#8221;on|off|&#8221; custom_margin=&#8221;50px||10px|&#8221;][et_pb_column type=&#8221;1_2&#8243;][et_pb_text _builder_version=&#8221;3.0.93&#8243; custom_margin=&#8221;|-75px||30px&#8221; module_alignment=&#8221;right&#8221; text_text_color=&#8221;#b7b7b7&#8243; background_layout=&#8221;light&#8221;]<\/p>\n<ul>\n<li style=\"color: #f9820c;\"><span style=\"color: #666666;\">Nous innovons et sommes cr\u00e9atifs au niveau de la conception et du design, mais nous ne perdons pas de vue des objectifs.<\/span><\/li>\n<li style=\"color: #f9820c;\"><span style=\"color: #666666;\">Nous connaissons le petit point de vente ainsi que les grandes surfaces.<\/span><\/li>\n<li style=\"color: #f9820c;\"><span style=\"color: #666666;\">Nous savons que chaque point de vente a besoin d&#8217;une attention sp\u00e9ciale.<\/span><\/li>\n<li style=\"color: #f9820c;\"><span style=\"color: #666666;\">Nous cr\u00e9ons en pensant \u00e0 la facilit\u00e9 du montage, la fonctionnalit\u00e9 et la r\u00e9sistance, en consid\u00e9rant le point&nbsp;de vente, la facilit\u00e9 de transport et la colocation.<\/span><\/li>\n<li style=\"color: #f9820c;\"><span style=\"color: #666666;\">Nous offrons rapidit\u00e9 et engagement pour la fabrication et livraison du mat\u00e9riel.<\/span><\/li>\n<li style=\"color: #f9820c;\"><span style=\"color: #666666;\">Nous conseillons sur la s\u00e9lection du mat\u00e9riel en fonction des objectifs de chaque action.<\/span><\/li>\n<li style=\"color: #f9820c;\"><span style=\"color: #666666;\">Nous sommes un interlocuteur unique pour toutes les proc\u00e9dures.<\/span><\/li>\n<li style=\"color: #f9820c;\"><span style=\"color: #666666;\">Et le tout \u00e0 des prix tr\u00e8s comp\u00e9titifs.<\/span><\/li>\n<\/ul>\n<p>[\/et_pb_text][\/et_pb_column][et_pb_column type=&#8221;1_2&#8243;][et_pb_image src=&#8221;https:\/\/noudisplay.com\/wp-content\/uploads\/2018\/04\/lampara_510x482.jpg&#8221; url_new_window=&#8221;off&#8221; _builder_version=&#8221;3.0.100&#8243; show_in_lightbox=&#8221;off&#8221; use_overlay=&#8221;off&#8221; always_center_on_mobile=&#8221;on&#8221; force_fullwidth=&#8221;off&#8221; show_bottom_space=&#8221;on&#8221; custom_margin=&#8221;|||30px&#8221; \/][\/et_pb_column][\/et_pb_row][et_pb_row custom_padding=&#8221;0px|0px|1px|0px&#8221; make_equal=&#8221;on&#8221; module_class_1=&#8221;ds-vertical-align&#8221; module_class_2=&#8221;ds-vertical-align&#8221; _builder_version=&#8221;3.0.83&#8243; background_size=&#8221;initial&#8221; background_position=&#8221;top_left&#8221; background_repeat=&#8221;repeat&#8221; disabled=&#8221;off&#8221; disabled_on=&#8221;off|on|on&#8221;][et_pb_column type=&#8221;1_2&#8243;][et_pb_text _builder_version=&#8221;3.0.93&#8243; module_alignment=&#8221;right&#8221; text_text_color=&#8221;#b7b7b7&#8243; background_layout=&#8221;light&#8221;]<\/p>\n<ul>\n<li style=\"color: #f9820c;\"><span style=\"color: #666666;\">Nous innovons et sommes cr\u00e9atifs au niveau de la conception et du design, mais nous ne perdons pas de<br \/>\nvue des objectifs.<\/span><\/li>\n<li style=\"color: #f9820c;\"><span style=\"color: #666666;\">Nous connaissons le petit point de vente ainsi que les grandes surfaces.<\/span><\/li>\n<li style=\"color: #f9820c;\"><span style=\"color: #666666;\">Nous savons que chaque point de vente a besoin d&#8217;une attention sp\u00e9ciale.<\/span><\/li>\n<li style=\"color: #f9820c;\"><span style=\"color: #666666;\">Nous cr\u00e9ons en pensant \u00e0 la facilit\u00e9 du montage, la fonctionnalit\u00e9 et la r\u00e9sistance, en consid\u00e9rant le point<br \/>\nde vente, la facilit\u00e9 de transport et la colocation.<\/span><\/li>\n<li style=\"color: #f9820c;\"><span style=\"color: #666666;\">Nous offrons rapidit\u00e9 et engagement pour la fabrication et livraison du mat\u00e9riel.<\/span><\/li>\n<li style=\"color: #f9820c;\"><span style=\"color: #666666;\">Nous conseillons sur la s\u00e9lection du mat\u00e9riel en fonction des objectifs de chaque action.<\/span><\/li>\n<li style=\"color: #f9820c;\"><span style=\"color: #666666;\">Nous sommes un interlocuteur unique pour toutes les proc\u00e9dures.<\/span><\/li>\n<li style=\"color: #f9820c;\"><span style=\"color: #666666;\">Et le tout \u00e0 des prix tr\u00e8s comp\u00e9titifs.<\/span><\/li>\n<\/ul>\n<p>[\/et_pb_text][\/et_pb_column][et_pb_column type=&#8221;1_2&#8243;][et_pb_image src=&#8221;https:\/\/noudisplay.com\/wp-content\/uploads\/2018\/04\/lampara_510x482.jpg&#8221; url_new_window=&#8221;off&#8221; _builder_version=&#8221;3.0.100&#8243; show_in_lightbox=&#8221;off&#8221; use_overlay=&#8221;off&#8221; always_center_on_mobile=&#8221;on&#8221; force_fullwidth=&#8221;off&#8221; show_bottom_space=&#8221;on&#8221; \/][\/et_pb_column][\/et_pb_row][\/et_pb_section]<\/p>\n","protected":false},"excerpt":{"rendered":"<p>Nous innovons et sommes cr\u00e9atifs au niveau de la conception et du design, mais nous ne perdons pas de vue des objectifs. Nous connaissons le petit point de vente ainsi que les grandes surfaces. Nous savons que chaque point de vente a besoin d&#8217;une attention sp\u00e9ciale. Nous cr\u00e9ons en pensant \u00e0 la facilit\u00e9 du montage, [&hellip;]<\/p>\n","protected":false},"author":1,"featured_media":0,"parent":0,"menu_order":0,"comment_status":"closed","ping_status":"closed","template":"","meta":{"_et_pb_use_builder":"on","_et_pb_old_content":"","_et_gb_content_width":"","footnotes":""},"class_list":["post-4809","page","type-page","status-publish","hentry"],"_links":{"self":[{"href":"https:\/\/noudisplay.com\/index.php\/wp-json\/wp\/v2\/pages\/4809","targetHints":{"allow":["GET"]}}],"collection":[{"href":"https:\/\/noudisplay.com\/index.php\/wp-json\/wp\/v2\/pages"}],"about":[{"href":"https:\/\/noudisplay.com\/index.php\/wp-json\/wp\/v2\/types\/page"}],"author":[{"embeddable":true,"href":"https:\/\/noudisplay.com\/index.php\/wp-json\/wp\/v2\/users\/1"}],"replies":[{"embeddable":true,"href":"https:\/\/noudisplay.com\/index.php\/wp-json\/wp\/v2\/comments?post=4809"}],"version-history":[{"count":14,"href":"https:\/\/noudisplay.com\/index.php\/wp-json\/wp\/v2\/pages\/4809\/revisions"}],"predecessor-version":[{"id":6183,"href":"https:\/\/noudisplay.com\/index.php\/wp-json\/wp\/v2\/pages\/4809\/revisions\/6183"}],"wp:attachment":[{"href":"https:\/\/noudisplay.com\/index.php\/wp-json\/wp\/v2\/media?parent=4809"}],"curies":[{"name":"wp","href":"https:\/\/api.w.org\/{rel}","templated":true}]}}