{"id":4807,"date":"2017-12-09T23:18:30","date_gmt":"2017-12-09T23:18:30","guid":{"rendered":"http:\/\/ciberpyme.barcelona\/noudisplay\/?page_id=4807"},"modified":"2023-06-08T20:20:43","modified_gmt":"2023-06-08T19:20:43","slug":"compromis","status":"publish","type":"page","link":"https:\/\/noudisplay.com\/index.php\/compromis\/","title":{"rendered":"COMPROM\u00cdS (10\/12\/2017)"},"content":{"rendered":"<p>[et_pb_section bb_built=&#8221;1&#8243; _builder_version=&#8221;3.0.47&#8243; custom_padding=&#8221;0px|0px|0px|0px&#8221;][et_pb_row custom_padding=&#8221;0px|0px|1px|0px&#8221; make_equal=&#8221;on&#8221; module_class_1=&#8221;ds-vertical-align&#8221; module_class_2=&#8221;ds-vertical-align&#8221; _builder_version=&#8221;3.0.93&#8243; background_size=&#8221;initial&#8221; background_position=&#8221;top_left&#8221; background_repeat=&#8221;repeat&#8221; disabled=&#8221;off&#8221; disabled_on=&#8221;on|off|&#8221; custom_margin=&#8221;50px||0px|&#8221;][et_pb_column type=&#8221;1_2&#8243;][et_pb_text _builder_version=&#8221;3.0.83&#8243; custom_margin=&#8221;|-75px||30px&#8221; module_alignment=&#8221;right&#8221; text_text_color=&#8221;#b7b7b7&#8243;]<\/p>\n<ul>\n<li style=\"color: #f9820c;\"><span style=\"color: #666666;\">Innovem i som creatius en el disseny, per\u00f2 no perdem de vista els objectius de la campanya.<\/span><\/li>\n<li style=\"color: #f9820c;\"><span style=\"color: #666666;\">Coneixem el petit punt de venda i tamb\u00e9 les grans superf\u00edcies.<\/span><\/li>\n<li style=\"color: #f9820c;\"><span style=\"color: #666666;\">Sabem que cada punt de venda requereix d\u2019una atenci\u00f3 espec\u00edfica.<\/span><\/li>\n<li style=\"color: #f9820c;\"><span style=\"color: #666666;\">Creem pensant en la senzillesa del muntatge, la funcionalitat i la resist\u00e8ncia, el punt de venda on s\u2019ubicar\u00e0,\u00a0la facilitat de transport i la seva col\u00b7locaci\u00f3.<\/span><\/li>\n<li style=\"color: #f9820c;\"><span style=\"color: #666666;\">Oferim rapidesa i comprom\u00eds en la fabricaci\u00f3 i entrega del material.<\/span><\/li>\n<li style=\"color: #f9820c;\"><span style=\"color: #666666;\">Assessorem en la selecci\u00f3 del material en funci\u00f3 dels objectius de cada acci\u00f3.<\/span><\/li>\n<li style=\"color: #f9820c;\"><span style=\"color: #666666;\">Som un sol interlocutor per a tots els processos.<\/span><\/li>\n<li style=\"color: #f9820c;\"><span style=\"color: #666666;\">I tot a preus molt competitius.<\/span><\/li>\n<\/ul>\n<p>[\/et_pb_text][\/et_pb_column][et_pb_column type=&#8221;1_2&#8243;][et_pb_image src=&#8221;https:\/\/noudisplay.com\/wp-content\/uploads\/2018\/04\/lampara_510x482.jpg&#8221; url_new_window=&#8221;off&#8221; _builder_version=&#8221;3.0.100&#8243; show_in_lightbox=&#8221;off&#8221; use_overlay=&#8221;off&#8221; always_center_on_mobile=&#8221;on&#8221; force_fullwidth=&#8221;off&#8221; show_bottom_space=&#8221;on&#8221; custom_margin=&#8221;|||30px&#8221; \/][\/et_pb_column][\/et_pb_row][et_pb_row custom_padding=&#8221;0px|0px|1px|0px&#8221; make_equal=&#8221;on&#8221; module_class_1=&#8221;ds-vertical-align&#8221; module_class_2=&#8221;ds-vertical-align&#8221; _builder_version=&#8221;3.0.83&#8243; background_size=&#8221;initial&#8221; background_position=&#8221;top_left&#8221; background_repeat=&#8221;repeat&#8221; disabled=&#8221;off&#8221; disabled_on=&#8221;off|on|on&#8221;][et_pb_column type=&#8221;1_2&#8243;][et_pb_text _builder_version=&#8221;3.0.83&#8243; module_alignment=&#8221;right&#8221; text_text_color=&#8221;#b7b7b7&#8243;]<\/p>\n<ul>\n<li style=\"color: #f9820c;\"><span style=\"color: #666666;\">Innovem i som creatius en el disseny, per\u00f2 no perdem de vista els objectius de la campanya.<\/span><\/li>\n<li style=\"color: #f9820c;\"><span style=\"color: #666666;\">Coneixem el petit punt de venda i tamb\u00e9 les grans superf\u00edcies.<\/span><\/li>\n<li style=\"color: #f9820c;\"><span style=\"color: #666666;\">Sabem que cada punt de venda requereix d\u2019una atenci\u00f3 espec\u00edfica.<\/span><\/li>\n<li style=\"color: #f9820c;\"><span style=\"color: #666666;\">Creem pensant en la senzillesa del muntatge, la funcionalitat i la resist\u00e8ncia, el punt de venda on s\u2019ubicar\u00e0,\u00a0la facilitat de transport i la seva col\u00b7locaci\u00f3.<\/span><\/li>\n<li style=\"color: #f9820c;\"><span style=\"color: #666666;\">Oferim rapidesa i comprom\u00eds en la fabricaci\u00f3 i entrega del material.<\/span><\/li>\n<li style=\"color: #f9820c;\"><span style=\"color: #666666;\">Assessorem en la selecci\u00f3 del material en funci\u00f3 dels objectius de cada acci\u00f3.<\/span><\/li>\n<li style=\"color: #f9820c;\"><span style=\"color: #666666;\">Som un sol interlocutor per a tots els processos.<\/span><\/li>\n<li style=\"color: #f9820c;\"><span style=\"color: #666666;\">I tot a preus molt competitius.<\/span><\/li>\n<\/ul>\n<p>[\/et_pb_text][\/et_pb_column][et_pb_column type=&#8221;1_2&#8243;][et_pb_image src=&#8221;https:\/\/noudisplay.com\/wp-content\/uploads\/2018\/04\/lampara_510x482.jpg&#8221; url_new_window=&#8221;off&#8221; _builder_version=&#8221;3.0.100&#8243; show_in_lightbox=&#8221;off&#8221; use_overlay=&#8221;off&#8221; always_center_on_mobile=&#8221;on&#8221; force_fullwidth=&#8221;off&#8221; show_bottom_space=&#8221;on&#8221; custom_margin_last_edited=&#8221;on|phone&#8221; \/][\/et_pb_column][\/et_pb_row][\/et_pb_section]<\/p>\n","protected":false},"excerpt":{"rendered":"<p>Innovem i som creatius en el disseny, per\u00f2 no perdem de vista els objectius de la campanya. Coneixem el petit punt de venda i tamb\u00e9 les grans superf\u00edcies. Sabem que cada punt de venda requereix d\u2019una atenci\u00f3 espec\u00edfica. Creem pensant en la senzillesa del muntatge, la funcionalitat i la resist\u00e8ncia, el punt de venda on [&hellip;]<\/p>\n","protected":false},"author":1,"featured_media":0,"parent":0,"menu_order":0,"comment_status":"closed","ping_status":"closed","template":"","meta":{"_et_pb_use_builder":"on","_et_pb_old_content":"","_et_gb_content_width":"","footnotes":""},"class_list":["post-4807","page","type-page","status-publish","hentry"],"_links":{"self":[{"href":"https:\/\/noudisplay.com\/index.php\/wp-json\/wp\/v2\/pages\/4807","targetHints":{"allow":["GET"]}}],"collection":[{"href":"https:\/\/noudisplay.com\/index.php\/wp-json\/wp\/v2\/pages"}],"about":[{"href":"https:\/\/noudisplay.com\/index.php\/wp-json\/wp\/v2\/types\/page"}],"author":[{"embeddable":true,"href":"https:\/\/noudisplay.com\/index.php\/wp-json\/wp\/v2\/users\/1"}],"replies":[{"embeddable":true,"href":"https:\/\/noudisplay.com\/index.php\/wp-json\/wp\/v2\/comments?post=4807"}],"version-history":[{"count":16,"href":"https:\/\/noudisplay.com\/index.php\/wp-json\/wp\/v2\/pages\/4807\/revisions"}],"predecessor-version":[{"id":6182,"href":"https:\/\/noudisplay.com\/index.php\/wp-json\/wp\/v2\/pages\/4807\/revisions\/6182"}],"wp:attachment":[{"href":"https:\/\/noudisplay.com\/index.php\/wp-json\/wp\/v2\/media?parent=4807"}],"curies":[{"name":"wp","href":"https:\/\/api.w.org\/{rel}","templated":true}]}}