{"id":4496,"date":"2017-12-06T18:23:10","date_gmt":"2017-12-06T18:23:10","guid":{"rendered":"http:\/\/ciberpyme.barcelona\/noudisplay\/?page_id=4496"},"modified":"2018-04-04T09:11:40","modified_gmt":"2018-04-04T08:11:40","slug":"que-faisons-nous-2","status":"publish","type":"page","link":"https:\/\/noudisplay.com\/index.php\/que-faisons-nous-2\/?lang=fr","title":{"rendered":"QUE FAISONS-NOUS 05122017"},"content":{"rendered":"<p>[et_pb_section bb_built=&#8221;1&#8243; _builder_version=&#8221;3.0.47&#8243; custom_padding=&#8221;0px|0px|0px|0px&#8221;][et_pb_row custom_padding=&#8221;0px|0px|1px|0px&#8221; make_equal=&#8221;on&#8221; module_class_1=&#8221;ds-vertical-align&#8221; module_class_2=&#8221;ds-vertical-align&#8221; _builder_version=&#8221;3.0.93&#8243; background_size=&#8221;initial&#8221; background_position=&#8221;top_left&#8221; background_repeat=&#8221;repeat&#8221; disabled=&#8221;off&#8221; disabled_on=&#8221;on|off|&#8221; custom_margin=&#8221;50px||20px|&#8221;][et_pb_column type=&#8221;1_2&#8243;][et_pb_image src=&#8221;https:\/\/noudisplay.com\/wp-content\/uploads\/2018\/04\/QUEFEM06.jpg&#8221; url_new_window=&#8221;off&#8221; _builder_version=&#8221;3.0.100&#8243; show_in_lightbox=&#8221;off&#8221; use_overlay=&#8221;off&#8221; always_center_on_mobile=&#8221;on&#8221; force_fullwidth=&#8221;off&#8221; show_bottom_space=&#8221;on&#8221; custom_margin=&#8221;|||0px&#8221; \/][\/et_pb_column][et_pb_column type=&#8221;1_2&#8243;][et_pb_text _builder_version=&#8221;3.0.93&#8243; text_text_color=&#8221;#666666&#8243; background_layout=&#8221;light&#8221; custom_margin=&#8221;|||-30px&#8221;]<\/p>\n<p>NOUDISPLAY cr\u00e9e et fabrique mat\u00e9riel de point de vente pour diff\u00e9rencier<br \/>\net mettre en valeur le produit. La connaissance des diff\u00e9rents points de vente<br \/>\nnous fournissent la conviction de que chaque point de vente a besoin d&#8217;une<br \/>\nattention sp\u00e9ciale et de mat\u00e9riaux sp\u00e9cifiques pour vitrines, int\u00e9rieur et les<br \/>\nexposants. Parce qu&#8217;\u00eatre n&#8217;est pas suffisant; il faut avoir de la pr\u00e9sence.<\/p>\n<p>[\/et_pb_text][et_pb_image _builder_version=&#8221;3.0.100&#8243; src=&#8221;https:\/\/noudisplay.com\/wp-content\/uploads\/2018\/02\/logos-quefem-fra00_510x100.jpg&#8221; show_in_lightbox=&#8221;off&#8221; url_new_window=&#8221;off&#8221; use_overlay=&#8221;off&#8221; always_center_on_mobile=&#8221;on&#8221; force_fullwidth=&#8221;off&#8221; show_bottom_space=&#8221;on&#8221; custom_margin=&#8221;|||-30px&#8221; \/][\/et_pb_column][\/et_pb_row][et_pb_row custom_padding=&#8221;0px|0px|1px|0px&#8221; make_equal=&#8221;on&#8221; module_class_1=&#8221;ds-vertical-align&#8221; module_class_2=&#8221;ds-vertical-align&#8221; _builder_version=&#8221;3.0.83&#8243; background_size=&#8221;initial&#8221; background_position=&#8221;top_left&#8221; background_repeat=&#8221;repeat&#8221; disabled=&#8221;off&#8221; disabled_on=&#8221;off|on|on&#8221;][et_pb_column type=&#8221;1_2&#8243;][et_pb_image src=&#8221;https:\/\/noudisplay.com\/wp-content\/uploads\/2018\/04\/QUEFEM06.jpg&#8221; url_new_window=&#8221;off&#8221; _builder_version=&#8221;3.0.100&#8243; show_in_lightbox=&#8221;off&#8221; use_overlay=&#8221;off&#8221; always_center_on_mobile=&#8221;on&#8221; force_fullwidth=&#8221;off&#8221; show_bottom_space=&#8221;on&#8221; custom_margin=&#8221;|||0px&#8221; \/][\/et_pb_column][et_pb_column type=&#8221;1_2&#8243;][et_pb_text _builder_version=&#8221;3.0.93&#8243; text_text_color=&#8221;#666666&#8243; background_layout=&#8221;light&#8221;]<\/p>\n<p>NOUDISPLAY cr\u00e9e et fabrique mat\u00e9riel de point de vente pour diff\u00e9rencier&nbsp;et mettre en valeur le produit. La connaissance des diff\u00e9rents points de vente&nbsp;nous fournissent la conviction de que chaque point de vente a besoin d&#8217;une&nbsp;attention sp\u00e9ciale et de mat\u00e9riaux sp\u00e9cifiques pour vitrines, int\u00e9rieur et les&nbsp;exposants. Parce qu&#8217;\u00eatre n&#8217;est pas suffisant; il faut avoir de la pr\u00e9sence.<\/p>\n<p>[\/et_pb_text][et_pb_image _builder_version=&#8221;3.0.100&#8243; src=&#8221;https:\/\/noudisplay.com\/wp-content\/uploads\/2018\/02\/logos-quefem-fra00_510x100.jpg&#8221; show_in_lightbox=&#8221;off&#8221; url_new_window=&#8221;off&#8221; use_overlay=&#8221;off&#8221; always_center_on_mobile=&#8221;on&#8221; force_fullwidth=&#8221;off&#8221; show_bottom_space=&#8221;on&#8221; custom_margin=&#8221;|||-30px&#8221; \/][\/et_pb_column][\/et_pb_row][\/et_pb_section]<\/p>\n","protected":false},"excerpt":{"rendered":"<p>NOUDISPLAY cr\u00e9e et fabrique mat\u00e9riel de point de vente pour diff\u00e9rencier et mettre en valeur le produit. La connaissance des diff\u00e9rents points de vente nous fournissent la conviction de que chaque point de vente a besoin d&#8217;une attention sp\u00e9ciale et de mat\u00e9riaux sp\u00e9cifiques pour vitrines, int\u00e9rieur et les exposants. Parce qu&#8217;\u00eatre n&#8217;est pas suffisant; il [&hellip;]<\/p>\n","protected":false},"author":1,"featured_media":0,"parent":0,"menu_order":0,"comment_status":"closed","ping_status":"closed","template":"","meta":{"_et_pb_use_builder":"on","_et_pb_old_content":"","_et_gb_content_width":"","footnotes":""},"class_list":["post-4496","page","type-page","status-publish","hentry"],"_links":{"self":[{"href":"https:\/\/noudisplay.com\/index.php\/wp-json\/wp\/v2\/pages\/4496","targetHints":{"allow":["GET"]}}],"collection":[{"href":"https:\/\/noudisplay.com\/index.php\/wp-json\/wp\/v2\/pages"}],"about":[{"href":"https:\/\/noudisplay.com\/index.php\/wp-json\/wp\/v2\/types\/page"}],"author":[{"embeddable":true,"href":"https:\/\/noudisplay.com\/index.php\/wp-json\/wp\/v2\/users\/1"}],"replies":[{"embeddable":true,"href":"https:\/\/noudisplay.com\/index.php\/wp-json\/wp\/v2\/comments?post=4496"}],"version-history":[{"count":16,"href":"https:\/\/noudisplay.com\/index.php\/wp-json\/wp\/v2\/pages\/4496\/revisions"}],"predecessor-version":[{"id":6179,"href":"https:\/\/noudisplay.com\/index.php\/wp-json\/wp\/v2\/pages\/4496\/revisions\/6179"}],"wp:attachment":[{"href":"https:\/\/noudisplay.com\/index.php\/wp-json\/wp\/v2\/media?parent=4496"}],"curies":[{"name":"wp","href":"https:\/\/api.w.org\/{rel}","templated":true}]}}