{"id":4494,"date":"2017-12-05T23:03:49","date_gmt":"2017-12-05T23:03:49","guid":{"rendered":"http:\/\/ciberpyme.barcelona\/noudisplay\/?page_id=4494"},"modified":"2023-06-08T20:19:18","modified_gmt":"2023-06-08T19:19:18","slug":"quefem","status":"publish","type":"page","link":"https:\/\/noudisplay.com\/index.php\/quefem\/","title":{"rendered":"QUE FEM (05\/12\/2017)"},"content":{"rendered":"<p>[et_pb_section bb_built=&#8221;1&#8243; _builder_version=&#8221;3.0.47&#8243; custom_padding=&#8221;0px|0px|0px|0px&#8221;][et_pb_row custom_padding=&#8221;0px|0px|1px|0px&#8221; make_equal=&#8221;on&#8221; module_class_1=&#8221;ds-vertical-align&#8221; module_class_2=&#8221;ds-vertical-align&#8221; _builder_version=&#8221;3.0.93&#8243; background_size=&#8221;initial&#8221; background_position=&#8221;top_left&#8221; background_repeat=&#8221;repeat&#8221; disabled=&#8221;off&#8221; disabled_on=&#8221;on|off|&#8221; custom_margin=&#8221;50px||20px|&#8221;][et_pb_column type=&#8221;1_2&#8243;][et_pb_image src=&#8221;https:\/\/noudisplay.com\/wp-content\/uploads\/2018\/04\/QUEFEM06.jpg&#8221; url_new_window=&#8221;off&#8221; _builder_version=&#8221;3.0.100&#8243; show_in_lightbox=&#8221;off&#8221; use_overlay=&#8221;off&#8221; always_center_on_mobile=&#8221;on&#8221; force_fullwidth=&#8221;off&#8221; show_bottom_space=&#8221;on&#8221; custom_margin=&#8221;|||0px&#8221; \/][\/et_pb_column][et_pb_column type=&#8221;1_2&#8243;][et_pb_text _builder_version=&#8221;3.0.93&#8243; custom_margin=&#8221;|||-30px&#8221; text_text_color=&#8221;#666666&#8243; background_layout=&#8221;light&#8221;]<\/p>\n<p>NOUDISPLAY crea i fabrica material de punt de venda per diferenciar i<br \/>\nposar en valor el producte. El coneixement dels diferents punts de venda<br \/>\nens permet afirmar que cadascun d\u2019ells requereix d\u2019una atenci\u00f3 espec\u00edfica<br \/>\nen relaci\u00f3 als elements de comunicaci\u00f3 i exposici\u00f3. Perqu\u00e8 no \u00e9s suficient<br \/>\nestar-hi; s\u2019hi ha de tenir pres\u00e8ncia.<\/p>\n<p>[\/et_pb_text][et_pb_image _builder_version=&#8221;3.0.100&#8243; src=&#8221;https:\/\/noudisplay.com\/wp-content\/uploads\/2018\/02\/logos-quefem-cat00_510x100.jpg&#8221; show_in_lightbox=&#8221;off&#8221; url_new_window=&#8221;off&#8221; use_overlay=&#8221;off&#8221; always_center_on_mobile=&#8221;on&#8221; force_fullwidth=&#8221;off&#8221; show_bottom_space=&#8221;on&#8221; custom_margin=&#8221;|||-30px&#8221; \/][\/et_pb_column][\/et_pb_row][et_pb_row custom_padding=&#8221;0px|0px|1px|0px&#8221; make_equal=&#8221;on&#8221; module_class_1=&#8221;ds-vertical-align&#8221; module_class_2=&#8221;ds-vertical-align&#8221; _builder_version=&#8221;3.0.83&#8243; background_size=&#8221;initial&#8221; background_position=&#8221;top_left&#8221; background_repeat=&#8221;repeat&#8221; disabled=&#8221;off&#8221; disabled_on=&#8221;off|on|on&#8221;][et_pb_column type=&#8221;1_2&#8243;][et_pb_image src=&#8221;https:\/\/noudisplay.com\/wp-content\/uploads\/2018\/04\/QUEFEM06.jpg&#8221; url_new_window=&#8221;off&#8221; _builder_version=&#8221;3.0.100&#8243; show_in_lightbox=&#8221;off&#8221; use_overlay=&#8221;off&#8221; always_center_on_mobile=&#8221;on&#8221; force_fullwidth=&#8221;off&#8221; show_bottom_space=&#8221;on&#8221; custom_margin=&#8221;|||0px&#8221; \/][\/et_pb_column][et_pb_column type=&#8221;1_2&#8243;][et_pb_text _builder_version=&#8221;3.0.93&#8243; text_text_color=&#8221;#666666&#8243; background_layout=&#8221;light&#8221;]<\/p>\n<p>NOUDISPLAY crea i fabrica material de punt de venda per diferenciar i posar en valor el producte. El coneixement dels diferents punts de venda ens permet afirmar que cadascun d\u2019ells requereix d\u2019una atenci\u00f3 espec\u00edfica en relaci\u00f3 als elements de comunicaci\u00f3 i exposici\u00f3. Perqu\u00e8 no \u00e9s suficient estar-hi; s\u2019hi ha de tenir pres\u00e8ncia.<\/p>\n<p>[\/et_pb_text][et_pb_image _builder_version=&#8221;3.0.100&#8243; src=&#8221;https:\/\/noudisplay.com\/wp-content\/uploads\/2018\/02\/logos-quefem-cat00_510x100.jpg&#8221; show_in_lightbox=&#8221;off&#8221; url_new_window=&#8221;off&#8221; use_overlay=&#8221;off&#8221; always_center_on_mobile=&#8221;on&#8221; force_fullwidth=&#8221;off&#8221; show_bottom_space=&#8221;on&#8221; custom_margin=&#8221;|||-30px&#8221; \/][\/et_pb_column][\/et_pb_row][\/et_pb_section]<\/p>\n","protected":false},"excerpt":{"rendered":"<p>NOUDISPLAY crea i fabrica material de punt de venda per diferenciar i posar en valor el producte. El coneixement dels diferents punts de venda ens permet afirmar que cadascun d\u2019ells requereix d\u2019una atenci\u00f3 espec\u00edfica en relaci\u00f3 als elements de comunicaci\u00f3 i exposici\u00f3. Perqu\u00e8 no \u00e9s suficient estar-hi; s\u2019hi ha de tenir pres\u00e8ncia. NOUDISPLAY crea i [&hellip;]<\/p>\n","protected":false},"author":1,"featured_media":0,"parent":0,"menu_order":0,"comment_status":"closed","ping_status":"closed","template":"","meta":{"_et_pb_use_builder":"on","_et_pb_old_content":"","_et_gb_content_width":"","footnotes":""},"class_list":["post-4494","page","type-page","status-publish","hentry"],"_links":{"self":[{"href":"https:\/\/noudisplay.com\/index.php\/wp-json\/wp\/v2\/pages\/4494","targetHints":{"allow":["GET"]}}],"collection":[{"href":"https:\/\/noudisplay.com\/index.php\/wp-json\/wp\/v2\/pages"}],"about":[{"href":"https:\/\/noudisplay.com\/index.php\/wp-json\/wp\/v2\/types\/page"}],"author":[{"embeddable":true,"href":"https:\/\/noudisplay.com\/index.php\/wp-json\/wp\/v2\/users\/1"}],"replies":[{"embeddable":true,"href":"https:\/\/noudisplay.com\/index.php\/wp-json\/wp\/v2\/comments?post=4494"}],"version-history":[{"count":20,"href":"https:\/\/noudisplay.com\/index.php\/wp-json\/wp\/v2\/pages\/4494\/revisions"}],"predecessor-version":[{"id":6178,"href":"https:\/\/noudisplay.com\/index.php\/wp-json\/wp\/v2\/pages\/4494\/revisions\/6178"}],"wp:attachment":[{"href":"https:\/\/noudisplay.com\/index.php\/wp-json\/wp\/v2\/media?parent=4494"}],"curies":[{"name":"wp","href":"https:\/\/api.w.org\/{rel}","templated":true}]}}