{"id":4477,"date":"2017-12-06T19:09:44","date_gmt":"2017-12-06T19:09:44","guid":{"rendered":"http:\/\/ciberpyme.barcelona\/noudisplay\/?page_id=4477"},"modified":"2023-06-08T10:23:38","modified_gmt":"2023-06-08T09:23:38","slug":"quisom-2","status":"publish","type":"page","link":"https:\/\/noudisplay.com\/index.php\/quisom-2\/?lang=fr","title":{"rendered":"QUI SOMMES-NOUS 05122017"},"content":{"rendered":"<p>[et_pb_section fb_built=&#8221;1&#8243; _builder_version=&#8221;4.16&#8243; custom_padding=&#8221;0px|0px|0px|0px&#8221; global_colors_info=&#8221;{}&#8221;][et_pb_row make_equal=&#8221;on&#8221; disabled_on=&#8221;on|off|&#8221; _builder_version=&#8221;4.16&#8243; background_size=&#8221;initial&#8221; background_position=&#8221;top_left&#8221; background_repeat=&#8221;repeat&#8221; custom_margin=&#8221;50px||10px|&#8221; custom_padding=&#8221;0px|0px|1px|0px&#8221; global_colors_info=&#8221;{}&#8221; column_structure=&#8221;1_2,1_2&#8243;][et_pb_column type=&#8221;1_2&#8243; module_class=&#8221;ds-vertical-align&#8221; _builder_version=&#8221;4.16&#8243; custom_padding=&#8221;|||&#8221; global_colors_info=&#8221;{}&#8221; custom_padding__hover=&#8221;|||&#8221;][et_pb_text _builder_version=&#8221;4.16&#8243; text_text_color=&#8221;#666666&#8243; text_orientation=&#8221;right&#8221; module_alignment=&#8221;right&#8221; custom_margin=&#8221;|-75px||&#8221; global_colors_info=&#8221;{}&#8221;]NOUDISPLAY collecte toute l&#8217;exp\u00e9rience accumul\u00e9e dans le secteur par ses fondateurs,<br \/>\net apporte une nouvelle approche pour le mat\u00e9riel de communication au point de vente.<br \/>\nPar exp\u00e9rience, nous savons le point de vente et pouvons innover dans la conception<br \/>\nsans perdre de vue la fonctionnalit\u00e9 des \u00e9l\u00e9ments ou les objectifs commerciaux<br \/>\nde la campagne, et nous sommes strictes avec les engagements de livraison.<br \/>\n[\/et_pb_text][et_pb_text _builder_version=&#8221;4.16&#8243; text_text_color=&#8221;#666666&#8243; text_orientation=&#8221;right&#8221; module_alignment=&#8221;right&#8221; custom_margin=&#8221;|-75px||&#8221; global_colors_info=&#8221;{}&#8221;]<\/p>\n<p style=\"text-align: right;\"><a href=\"https:\/\/noudisplay.com\/wp-content\/uploads\/2018\/02\/Nou-Display-Color-1mbps.mp4\" style=\"text-decoration:none; color:#b7b7b7\"><strong>VOIR VID\u00c9O<\/strong><\/a><\/p>\n<p>[\/et_pb_text][\/et_pb_column][et_pb_column type=&#8221;1_2&#8243; module_class=&#8221;ds-vertical-align&#8221; _builder_version=&#8221;4.16&#8243; custom_padding=&#8221;|||&#8221; global_colors_info=&#8221;{}&#8221; custom_padding__hover=&#8221;|||&#8221;][et_pb_image src=&#8221;https:\/\/noudisplay.com\/wp-content\/uploads\/2023\/06\/Baby-safari-510&#215;482-00.jpg&#8221; align_tablet=&#8221;center&#8221; align_last_edited=&#8221;on|desktop&#8221; _builder_version=&#8221;4.21.0&#8243; custom_margin=&#8221;|||30px&#8221; hover_enabled=&#8221;0&#8243; always_center_on_mobile=&#8221;on&#8221; global_colors_info=&#8221;{}&#8221; title_text=&#8221;Baby safari 510&#215;482-00&#8243; sticky_enabled=&#8221;0&#8243; align_phone=&#8221;center&#8221;][\/et_pb_image][\/et_pb_column][\/et_pb_row][et_pb_row make_equal=&#8221;on&#8221; disabled_on=&#8221;off|on|on&#8221; _builder_version=&#8221;4.16&#8243; background_size=&#8221;initial&#8221; background_position=&#8221;top_left&#8221; background_repeat=&#8221;repeat&#8221; custom_padding=&#8221;0px|0px|1px|0px&#8221; global_colors_info=&#8221;{}&#8221; column_structure=&#8221;1_2,1_2&#8243;][et_pb_column type=&#8221;1_2&#8243; module_class=&#8221;ds-vertical-align&#8221; _builder_version=&#8221;4.16&#8243; custom_padding=&#8221;|||&#8221; global_colors_info=&#8221;{}&#8221; custom_padding__hover=&#8221;|||&#8221;][et_pb_text _builder_version=&#8221;4.16&#8243; text_text_color=&#8221;#666666&#8243; text_orientation=&#8221;right&#8221; module_alignment=&#8221;right&#8221; global_colors_info=&#8221;{}&#8221;]NOUDISPLAY collecte toute l&#8217;exp\u00e9rience accumul\u00e9e dans le secteur par ses fondateurs,&nbsp;et apporte une nouvelle approche pour le mat\u00e9riel de communication au point de vente.&nbsp;Par exp\u00e9rience, nous savons le point de vente et pouvons innover dans la conception<br \/>\nsans perdre de vue la fonctionnalit\u00e9 des \u00e9l\u00e9ments ou les objectifs commerciaux&nbsp;de la campagne, et nous sommes strictes avec les engagements de livraison.<br \/>\n[\/et_pb_text][\/et_pb_column][et_pb_column type=&#8221;1_2&#8243; module_class=&#8221;ds-vertical-align&#8221; _builder_version=&#8221;4.16&#8243; custom_padding=&#8221;|||&#8221; global_colors_info=&#8221;{}&#8221; custom_padding__hover=&#8221;|||&#8221;][et_pb_image src=&#8221;https:\/\/noudisplay.com\/wp-content\/uploads\/2023\/06\/Baby-safari-510&#215;482-00.jpg&#8221; align_tablet=&#8221;center&#8221; align_last_edited=&#8221;on|desktop&#8221; _builder_version=&#8221;4.21.0&#8243; custom_margin=&#8221;|||30px&#8221; hover_enabled=&#8221;0&#8243; always_center_on_mobile=&#8221;on&#8221; global_colors_info=&#8221;{}&#8221; title_text=&#8221;Baby safari 510&#215;482-00&#8243; sticky_enabled=&#8221;0&#8243; align_phone=&#8221;center&#8221;][\/et_pb_image][\/et_pb_column][\/et_pb_row][\/et_pb_section]<\/p>\n","protected":false},"excerpt":{"rendered":"<p>NOUDISPLAY collecte toute l&#8217;exp\u00e9rience accumul\u00e9e dans le secteur par ses fondateurs, et apporte une nouvelle approche pour le mat\u00e9riel de communication au point de vente. Par exp\u00e9rience, nous savons le point de vente et pouvons innover dans la conception sans perdre de vue la fonctionnalit\u00e9 des \u00e9l\u00e9ments ou les objectifs commerciaux de la campagne, et [&hellip;]<\/p>\n","protected":false},"author":1,"featured_media":0,"parent":0,"menu_order":0,"comment_status":"closed","ping_status":"closed","template":"","meta":{"_et_pb_use_builder":"on","_et_pb_old_content":"","_et_gb_content_width":"","footnotes":""},"class_list":["post-4477","page","type-page","status-publish","hentry"],"_links":{"self":[{"href":"https:\/\/noudisplay.com\/index.php\/wp-json\/wp\/v2\/pages\/4477","targetHints":{"allow":["GET"]}}],"collection":[{"href":"https:\/\/noudisplay.com\/index.php\/wp-json\/wp\/v2\/pages"}],"about":[{"href":"https:\/\/noudisplay.com\/index.php\/wp-json\/wp\/v2\/types\/page"}],"author":[{"embeddable":true,"href":"https:\/\/noudisplay.com\/index.php\/wp-json\/wp\/v2\/users\/1"}],"replies":[{"embeddable":true,"href":"https:\/\/noudisplay.com\/index.php\/wp-json\/wp\/v2\/comments?post=4477"}],"version-history":[{"count":22,"href":"https:\/\/noudisplay.com\/index.php\/wp-json\/wp\/v2\/pages\/4477\/revisions"}],"predecessor-version":[{"id":6339,"href":"https:\/\/noudisplay.com\/index.php\/wp-json\/wp\/v2\/pages\/4477\/revisions\/6339"}],"wp:attachment":[{"href":"https:\/\/noudisplay.com\/index.php\/wp-json\/wp\/v2\/media?parent=4477"}],"curies":[{"name":"wp","href":"https:\/\/api.w.org\/{rel}","templated":true}]}}