{"id":4475,"date":"2017-12-05T22:12:58","date_gmt":"2017-12-05T22:12:58","guid":{"rendered":"http:\/\/ciberpyme.barcelona\/noudisplay\/?page_id=4475"},"modified":"2023-06-08T20:13:52","modified_gmt":"2023-06-08T19:13:52","slug":"quisom","status":"publish","type":"page","link":"https:\/\/noudisplay.com\/index.php\/quisom\/","title":{"rendered":"QUI SOM (05\/12\/2017)"},"content":{"rendered":"\n[et_pb_section fb_built=&#8221;1&#8243; _builder_version=&#8221;4.16&#8243; custom_padding=&#8221;0px|0px|0px|0px&#8221; global_colors_info=&#8221;{}&#8221;][et_pb_row make_equal=&#8221;on&#8221; disabled_on=&#8221;on|off|&#8221; _builder_version=&#8221;4.16&#8243; background_size=&#8221;initial&#8221; background_position=&#8221;top_left&#8221; background_repeat=&#8221;repeat&#8221; custom_margin=&#8221;50px||10px|&#8221; custom_padding=&#8221;0px|0px|1px|0px&#8221; global_colors_info=&#8221;{}&#8221; column_structure=&#8221;1_2,1_2&#8243;][et_pb_column type=&#8221;1_2&#8243; module_class=&#8221;ds-vertical-align&#8221; _builder_version=&#8221;4.16&#8243; custom_padding=&#8221;|||&#8221; global_colors_info=&#8221;{}&#8221; custom_padding__hover=&#8221;|||&#8221;][et_pb_text _builder_version=&#8221;4.16&#8243; text_text_color=&#8221;#666666&#8243; text_orientation=&#8221;right&#8221; module_alignment=&#8221;right&#8221; custom_margin=&#8221;|-75px||&#8221; global_colors_info=&#8221;{}&#8221;]<p style=\"text-align: right;\">NOUDISPLAY acumula tota l\u2019experi\u00e8ncia adquirida en el sector per part dels seus\r\nfundadors i aporta una nova aproximaci\u00f3 al material de comunicaci\u00f3 per al punt de\r\nvenda. Per experi\u00e8ncia, coneixem el punt de venda i podem innovar en el disseny sense\r\nperdre de vista la funcionalitat dels elements ni els objectius comercials de la\r\ncampanya, i som estrictes en els compromisos d\u2019entrega adquirits.<\/p>\r[\/et_pb_text][et_pb_text _builder_version=&#8221;4.16&#8243; text_text_color=&#8221;#666666&#8243; text_orientation=&#8221;right&#8221; module_alignment=&#8221;right&#8221; custom_margin=&#8221;|-75px||&#8221; global_colors_info=&#8221;{}&#8221;]<p style=\"text-align: right;\"><a style=\"text-decoration: none; color: #b7b7b7;\" href=\"https:\/\/noudisplay.com\/wp-content\/uploads\/2018\/02\/Nou-Display-Color-1mbps.mp4\"><strong>VEURE V\u00cdDEO<\/strong><\/a><\/p>\r[\/et_pb_text][\/et_pb_column][et_pb_column type=&#8221;1_2&#8243; module_class=&#8221;ds-vertical-align&#8221; _builder_version=&#8221;4.16&#8243; custom_padding=&#8221;|||&#8221; global_colors_info=&#8221;{}&#8221; custom_padding__hover=&#8221;|||&#8221;][et_pb_image src=&#8221;https:\/\/noudisplay.com\/wp-content\/uploads\/2023\/06\/Baby-safari-510&#215;482-00.jpg&#8221; align_tablet=&#8221;center&#8221; align_last_edited=&#8221;on|desktop&#8221; _builder_version=&#8221;4.21.0&#8243; custom_margin=&#8221;|||30px&#8221; hover_enabled=&#8221;0&#8243; always_center_on_mobile=&#8221;on&#8221; global_colors_info=&#8221;{}&#8221; title_text=&#8221;Baby safari 510&#215;482-00&#8243; sticky_enabled=&#8221;0&#8243; align_phone=&#8221;center&#8221;][\/et_pb_image][\/et_pb_column][\/et_pb_row][et_pb_row make_equal=&#8221;on&#8221; disabled_on=&#8221;off|on|on&#8221; _builder_version=&#8221;4.16&#8243; background_size=&#8221;initial&#8221; background_position=&#8221;top_left&#8221; background_repeat=&#8221;repeat&#8221; custom_padding=&#8221;0px|0px|1px|0px&#8221; global_colors_info=&#8221;{}&#8221; column_structure=&#8221;1_2,1_2&#8243;][et_pb_column type=&#8221;1_2&#8243; module_class=&#8221;ds-vertical-align&#8221; _builder_version=&#8221;4.16&#8243; custom_padding=&#8221;|||&#8221; global_colors_info=&#8221;{}&#8221; custom_padding__hover=&#8221;|||&#8221;][et_pb_text _builder_version=&#8221;4.16&#8243; text_text_color=&#8221;#666666&#8243; text_orientation=&#8221;right&#8221; module_alignment=&#8221;right&#8221; global_colors_info=&#8221;{}&#8221;]<p style=\"text-align: left;\">NOUDISPLAY acumula tota l\u2019experi\u00e8ncia adquirida en el sector per part dels seus fundadors i aporta una nova aproximaci\u00f3 al material de comunicaci\u00f3 per al punt de venda. Per experi\u00e8ncia, coneixem el punt de venda i podem innovar en el disseny sense perdre de vista la funcionalitat dels elements ni els objectius comercials de la campanya, i som estrictes en els compromisos d&#8217;entrega adquirits.<\/p>\r[\/et_pb_text][\/et_pb_column][et_pb_column type=&#8221;1_2&#8243; module_class=&#8221;ds-vertical-align&#8221; _builder_version=&#8221;4.16&#8243; custom_padding=&#8221;|||&#8221; global_colors_info=&#8221;{}&#8221; custom_padding__hover=&#8221;|||&#8221;][et_pb_image src=&#8221;https:\/\/noudisplay.com\/wp-content\/uploads\/2023\/06\/Baby-safari-510&#215;482-00.jpg&#8221; align_tablet=&#8221;center&#8221; align_last_edited=&#8221;on|desktop&#8221; _builder_version=&#8221;4.21.0&#8243; custom_margin=&#8221;|||30px&#8221; hover_enabled=&#8221;0&#8243; always_center_on_mobile=&#8221;on&#8221; global_colors_info=&#8221;{}&#8221; title_text=&#8221;Baby safari 510&#215;482-00&#8243; sticky_enabled=&#8221;0&#8243; align_phone=&#8221;center&#8221;][\/et_pb_image][\/et_pb_column][\/et_pb_row][\/et_pb_section]\n","protected":false},"excerpt":{"rendered":"<p>NOUDISPLAY acumula tota l\u2019experi\u00e8ncia adquirida en el sector per part dels seus fundadors i aporta una nova aproximaci\u00f3 al material de comunicaci\u00f3 per al punt de venda. Per experi\u00e8ncia, coneixem el punt de venda i podem innovar en el disseny sense perdre de vista la funcionalitat dels elements ni els objectius comercials de la campanya, [&hellip;]<\/p>\n","protected":false},"author":1,"featured_media":0,"parent":0,"menu_order":0,"comment_status":"closed","ping_status":"closed","template":"","meta":{"_et_pb_use_builder":"on","_et_pb_old_content":"","_et_gb_content_width":"","footnotes":""},"class_list":["post-4475","page","type-page","status-publish","hentry"],"_links":{"self":[{"href":"https:\/\/noudisplay.com\/index.php\/wp-json\/wp\/v2\/pages\/4475","targetHints":{"allow":["GET"]}}],"collection":[{"href":"https:\/\/noudisplay.com\/index.php\/wp-json\/wp\/v2\/pages"}],"about":[{"href":"https:\/\/noudisplay.com\/index.php\/wp-json\/wp\/v2\/types\/page"}],"author":[{"embeddable":true,"href":"https:\/\/noudisplay.com\/index.php\/wp-json\/wp\/v2\/users\/1"}],"replies":[{"embeddable":true,"href":"https:\/\/noudisplay.com\/index.php\/wp-json\/wp\/v2\/comments?post=4475"}],"version-history":[{"count":36,"href":"https:\/\/noudisplay.com\/index.php\/wp-json\/wp\/v2\/pages\/4475\/revisions"}],"predecessor-version":[{"id":6379,"href":"https:\/\/noudisplay.com\/index.php\/wp-json\/wp\/v2\/pages\/4475\/revisions\/6379"}],"wp:attachment":[{"href":"https:\/\/noudisplay.com\/index.php\/wp-json\/wp\/v2\/media?parent=4475"}],"curies":[{"name":"wp","href":"https:\/\/api.w.org\/{rel}","templated":true}]}}