{"id":4163,"date":"2017-11-07T22:53:20","date_gmt":"2017-11-07T22:53:20","guid":{"rendered":"http:\/\/ciberpyme.barcelona\/noudisplay\/de-quoi-avez-vous-besoin\/"},"modified":"2018-04-04T10:19:48","modified_gmt":"2018-04-04T09:19:48","slug":"de-quoi-avez-vous-besoin","status":"publish","type":"page","link":"https:\/\/noudisplay.com\/index.php\/de-quoi-avez-vous-besoin\/?lang=fr","title":{"rendered":"DE QUOI AVEZ-VOUS BESOIN"},"content":{"rendered":"<p>[et_pb_section bb_built=&#8221;1&#8243; _builder_version=&#8221;3.0.82&#8243; custom_css_before=&#8221;1||2||3||4||5||6||7||8||9||\/*||M\u00e1s columnas en Divi||*\/||.diez-columnas .et_pb_module {width: 10%; float: left;}||.nueve-columnas .et_pb_module {width: 11.11%; float: left;}||.ocho-columnas .et_pb_module {width: 12.5%; float: left;}||.siete-columnas .et_pb_module {width: 14.28%; float: left;}||.seis-columnas .et_pb_module {width: 16.66%; float: left;}||.cinco-columnas .et_pb_module {width: 20%; float: left;}&#8221;][et_pb_row custom_padding=&#8221;0px|0px|0px|0px&#8221; make_equal=&#8221;on&#8221; module_class=&#8221;seis-columnas&#8221; _builder_version=&#8221;3.0.93&#8243; custom_margin=&#8221;30px|||&#8221; disabled=&#8221;off&#8221; disabled_on=&#8221;on||&#8221;][et_pb_column type=&#8221;4_4&#8243;][et_pb_image src=&#8221;https:\/\/noudisplay.com\/wp-content\/uploads\/2018\/04\/Comunicar_portada01.jpg&#8221; url=&#8221;https:\/\/noudisplay.com\/index.php\/comunicar-3\/?lang=fr&#8221; show_bottom_space=&#8221;on&#8221; _builder_version=&#8221;3.0.100&#8243; module_alignment=&#8221;left&#8221; custom_margin=&#8221;|||&#8221; box_shadow_style=&#8221;preset2&#8243; show_in_lightbox=&#8221;off&#8221; url_new_window=&#8221;off&#8221; use_overlay=&#8221;off&#8221; always_center_on_mobile=&#8221;on&#8221; force_fullwidth=&#8221;off&#8221; \/][et_pb_image src=&#8221;https:\/\/noudisplay.com\/wp-content\/uploads\/2018\/04\/Posar-en-valor_portada01.jpg&#8221; url=&#8221;https:\/\/noudisplay.com\/index.php\/posar-en-valor-2\/?lang=fr&#8221; show_bottom_space=&#8221;on&#8221; _builder_version=&#8221;3.0.100&#8243; custom_margin=&#8221;|||&#8221; box_shadow_style=&#8221;preset2&#8243; show_in_lightbox=&#8221;off&#8221; url_new_window=&#8221;off&#8221; use_overlay=&#8221;off&#8221; always_center_on_mobile=&#8221;on&#8221; force_fullwidth=&#8221;off&#8221; \/][et_pb_image src=&#8221;https:\/\/noudisplay.com\/wp-content\/uploads\/2018\/01\/Promocions_portada_165x275.jpg&#8221; url=&#8221;https:\/\/noudisplay.com\/index.php\/promocions-2\/?lang=fr&#8221; _builder_version=&#8221;3.0.93&#8243; custom_margin=&#8221;|||&#8221; box_shadow_style=&#8221;preset2&#8243; show_in_lightbox=&#8221;off&#8221; url_new_window=&#8221;off&#8221; use_overlay=&#8221;off&#8221; always_center_on_mobile=&#8221;on&#8221; force_fullwidth=&#8221;off&#8221; show_bottom_space=&#8221;on&#8221; \/][et_pb_image src=&#8221;https:\/\/noudisplay.com\/wp-content\/uploads\/2018\/04\/Estoigs_portada002.jpg&#8221; url=&#8221;https:\/\/noudisplay.com\/index.php\/estoigs-presentacio-2\/?lang=fr&#8221; _builder_version=&#8221;3.0.100&#8243; custom_margin=&#8221;|||&#8221; box_shadow_style=&#8221;preset2&#8243; show_in_lightbox=&#8221;off&#8221; url_new_window=&#8221;off&#8221; use_overlay=&#8221;off&#8221; always_center_on_mobile=&#8221;on&#8221; force_fullwidth=&#8221;off&#8221; show_bottom_space=&#8221;on&#8221; \/][et_pb_image src=&#8221;https:\/\/noudisplay.com\/wp-content\/uploads\/2018\/04\/Expositor_portada01.jpg&#8221; url=&#8221;https:\/\/noudisplay.com\/index.php\/exposar-2-2\/?lang=fr&#8221; _builder_version=&#8221;3.0.100&#8243; custom_margin=&#8221;|||&#8221; box_shadow_style=&#8221;preset2&#8243; show_in_lightbox=&#8221;off&#8221; url_new_window=&#8221;off&#8221; use_overlay=&#8221;off&#8221; always_center_on_mobile=&#8221;on&#8221; force_fullwidth=&#8221;off&#8221; show_bottom_space=&#8221;on&#8221; \/][et_pb_image src=&#8221;https:\/\/noudisplay.com\/wp-content\/uploads\/2018\/04\/1Especials_portada00.jpg&#8221; url=&#8221;https:\/\/noudisplay.com\/index.php\/projectes-especials-2\/?lang=fr&#8221; _builder_version=&#8221;3.0.100&#8243; box_shadow_style=&#8221;preset2&#8243; show_in_lightbox=&#8221;off&#8221; url_new_window=&#8221;off&#8221; use_overlay=&#8221;off&#8221; always_center_on_mobile=&#8221;on&#8221; force_fullwidth=&#8221;off&#8221; show_bottom_space=&#8221;on&#8221; \/][\/et_pb_column][\/et_pb_row][et_pb_row custom_padding=&#8221;0px|0px|0px|0px&#8221; make_equal=&#8221;on&#8221; module_class=&#8221;seis-columnas&#8221; _builder_version=&#8221;3.0.83&#8243; custom_margin=&#8221;-20px|||&#8221; disabled=&#8221;off&#8221; disabled_on=&#8221;|on|on&#8221;][et_pb_column type=&#8221;4_4&#8243;][et_pb_image src=&#8221;https:\/\/noudisplay.com\/wp-content\/uploads\/2018\/04\/Comunicar_portada01.jpg&#8221; url=&#8221;https:\/\/noudisplay.com\/index.php\/comunicar-3\/?lang=fr&#8221; show_bottom_space=&#8221;on&#8221; _builder_version=&#8221;3.0.100&#8243; module_alignment=&#8221;left&#8221; custom_margin=&#8221;|||&#8221; box_shadow_style=&#8221;preset2&#8243; show_in_lightbox=&#8221;off&#8221; url_new_window=&#8221;off&#8221; use_overlay=&#8221;off&#8221; always_center_on_mobile=&#8221;on&#8221; force_fullwidth=&#8221;off&#8221; \/][et_pb_text _builder_version=&#8221;3.0.83&#8243; text_text_color=&#8221;#666666&#8243; text_orientation=&#8221;center&#8221; module_alignment=&#8221;center&#8221;]<\/p>\n<p>COMMUNIQUER?<\/p>\n<p>[\/et_pb_text][et_pb_image src=&#8221;https:\/\/noudisplay.com\/wp-content\/uploads\/2018\/04\/Posar-en-valor_portada01.jpg&#8221; url=&#8221;https:\/\/noudisplay.com\/index.php\/posar-en-valor-2\/?lang=fr&#8221; show_bottom_space=&#8221;on&#8221; _builder_version=&#8221;3.0.100&#8243; custom_margin=&#8221;|||&#8221; box_shadow_style=&#8221;preset2&#8243; show_in_lightbox=&#8221;off&#8221; url_new_window=&#8221;off&#8221; use_overlay=&#8221;off&#8221; always_center_on_mobile=&#8221;on&#8221; force_fullwidth=&#8221;off&#8221; \/][et_pb_text _builder_version=&#8221;3.0.83&#8243; text_text_color=&#8221;#666666&#8243; text_orientation=&#8221;center&#8221; module_alignment=&#8221;center&#8221;]<\/p>\n<p>METTRE LE PRODUIT<br \/>\nEN VALEUR?<\/p>\n<p>[\/et_pb_text][et_pb_image src=&#8221;https:\/\/noudisplay.com\/wp-content\/uploads\/2018\/01\/Promocions_portada_165x275.jpg&#8221; url=&#8221;https:\/\/noudisplay.com\/index.php\/promocions-2\/?lang=fr&#8221; _builder_version=&#8221;3.0.93&#8243; custom_margin=&#8221;|||&#8221; box_shadow_style=&#8221;preset2&#8243; show_in_lightbox=&#8221;off&#8221; url_new_window=&#8221;off&#8221; use_overlay=&#8221;off&#8221; always_center_on_mobile=&#8221;on&#8221; force_fullwidth=&#8221;off&#8221; show_bottom_space=&#8221;on&#8221; \/][et_pb_text _builder_version=&#8221;3.0.83&#8243; text_text_color=&#8221;#666666&#8243; text_orientation=&#8221;center&#8221; module_alignment=&#8221;center&#8221;]<\/p>\n<p>ORGANISER DES<br \/>\nD\u00c9GUSTATIONS OU<br \/>\nPROMOTIONS?<\/p>\n<p>[\/et_pb_text][et_pb_image src=&#8221;https:\/\/noudisplay.com\/wp-content\/uploads\/2018\/04\/Estoigs_portada002.jpg&#8221; url=&#8221;https:\/\/noudisplay.com\/index.php\/estoigs-presentacio-2\/?lang=fr&#8221; _builder_version=&#8221;3.0.100&#8243; custom_margin=&#8221;|||&#8221; box_shadow_style=&#8221;preset2&#8243; show_in_lightbox=&#8221;off&#8221; url_new_window=&#8221;off&#8221; use_overlay=&#8221;off&#8221; always_center_on_mobile=&#8221;on&#8221; force_fullwidth=&#8221;off&#8221; show_bottom_space=&#8221;on&#8221; \/][et_pb_text _builder_version=&#8221;3.0.83&#8243; text_text_color=&#8221;#666666&#8243; text_orientation=&#8221;center&#8221; module_alignment=&#8221;center&#8221;]<\/p>\n<p>EXPOSER OU<br \/>\nMETTEZ LES<br \/>\nPRODUITS?<\/p>\n<p>[\/et_pb_text][et_pb_image src=&#8221;https:\/\/noudisplay.com\/wp-content\/uploads\/2018\/04\/Expositor_portada01.jpg&#8221; url=&#8221;https:\/\/noudisplay.com\/index.php\/exposar-2-2\/?lang=fr&#8221; _builder_version=&#8221;3.0.100&#8243; custom_margin=&#8221;|||&#8221; box_shadow_style=&#8221;preset2&#8243; show_in_lightbox=&#8221;off&#8221; url_new_window=&#8221;off&#8221; use_overlay=&#8221;off&#8221; always_center_on_mobile=&#8221;on&#8221; force_fullwidth=&#8221;off&#8221; show_bottom_space=&#8221;on&#8221; \/][et_pb_text _builder_version=&#8221;3.0.83&#8243; text_text_color=&#8221;#666666&#8243; text_orientation=&#8221;center&#8221; module_alignment=&#8221;center&#8221;]<\/p>\n<p>EXPOSER OU<br \/>\nMETTEZ LES<br \/>\nPRODUITS?<\/p>\n<p>[\/et_pb_text][et_pb_image src=&#8221;https:\/\/noudisplay.com\/wp-content\/uploads\/2018\/04\/1Especials_portada00.jpg&#8221; url=&#8221;https:\/\/noudisplay.com\/index.php\/projectes-especials-2\/?lang=fr&#8221; _builder_version=&#8221;3.0.100&#8243; box_shadow_style=&#8221;preset2&#8243; show_in_lightbox=&#8221;off&#8221; url_new_window=&#8221;off&#8221; use_overlay=&#8221;off&#8221; always_center_on_mobile=&#8221;on&#8221; force_fullwidth=&#8221;off&#8221; show_bottom_space=&#8221;on&#8221; \/][et_pb_text _builder_version=&#8221;3.0.100&#8243; text_text_color=&#8221;#b7b7b7&#8243; text_orientation=&#8221;center&#8221; module_alignment=&#8221;center&#8221;]<\/p>\n<p>PROJETS<br \/>\nSP\u00c9CIAUX?<\/p>\n<p>[\/et_pb_text][\/et_pb_column][\/et_pb_row][et_pb_row custom_padding=&#8221;0px|0px|0px|0px&#8221; make_equal=&#8221;on&#8221; module_class=&#8221;seis-columnas&#8221; _builder_version=&#8221;3.0.83&#8243; custom_margin=&#8221;-10px||-60px|&#8221; disabled=&#8221;off&#8221; disabled_on=&#8221;on||&#8221;][et_pb_column type=&#8221;4_4&#8243;][et_pb_text _builder_version=&#8221;3.0.83&#8243; text_text_color=&#8221;#666666&#8243; text_orientation=&#8221;center&#8221; module_alignment=&#8221;center&#8221;]<\/p>\n<p>COMMUNIQUER?<\/p>\n<p>[\/et_pb_text][et_pb_text _builder_version=&#8221;3.0.83&#8243; text_text_color=&#8221;#666666&#8243; text_orientation=&#8221;center&#8221; module_alignment=&#8221;center&#8221;]<\/p>\n<p>METTRE LE PRODUIT<br \/>\nEN VALEUR?<\/p>\n<p>[\/et_pb_text][et_pb_text _builder_version=&#8221;3.0.83&#8243; text_text_color=&#8221;#666666&#8243; text_orientation=&#8221;center&#8221; module_alignment=&#8221;center&#8221;]<\/p>\n<p>ORGANISER DES<br \/>\nD\u00c9GUSTATIONS OU<br \/>\nPROMOTIONS?<\/p>\n<p>[\/et_pb_text][et_pb_text _builder_version=&#8221;3.0.83&#8243; text_text_color=&#8221;#666666&#8243; text_orientation=&#8221;center&#8221; module_alignment=&#8221;center&#8221;]<\/p>\n<p>B\u00d4ITES<br \/>\nPR\u00c9SENTATION<br \/>\nOU PROMOTION?<\/p>\n<p>[\/et_pb_text][et_pb_text _builder_version=&#8221;3.0.83&#8243; text_text_color=&#8221;#666666&#8243; text_orientation=&#8221;center&#8221; module_alignment=&#8221;center&#8221;]<\/p>\n<p>EXPOSER OU<br \/>\nMETTEZ LES<br \/>\nPRODUITS?<\/p>\n<p>[\/et_pb_text][et_pb_text _builder_version=&#8221;3.0.83&#8243; text_text_color=&#8221;#666666&#8243; text_orientation=&#8221;center&#8221; module_alignment=&#8221;center&#8221;]<\/p>\n<p>PROJETS<br \/>\nSP\u00c9CIAUX?<\/p>\n<p>[\/et_pb_text][\/et_pb_column][\/et_pb_row][\/et_pb_section]<\/p>\n","protected":false},"excerpt":{"rendered":"<p>COMMUNIQUER? METTRE LE PRODUIT EN VALEUR? ORGANISER DES D\u00c9GUSTATIONS OU PROMOTIONS? EXPOSER OU METTEZ LES PRODUITS? EXPOSER OU METTEZ LES PRODUITS? PROJETS SP\u00c9CIAUX? COMMUNIQUER? METTRE LE PRODUIT EN VALEUR? ORGANISER DES D\u00c9GUSTATIONS OU PROMOTIONS? B\u00d4ITES PR\u00c9SENTATION OU PROMOTION? EXPOSER OU METTEZ LES PRODUITS? PROJETS SP\u00c9CIAUX?<\/p>\n","protected":false},"author":1,"featured_media":0,"parent":0,"menu_order":0,"comment_status":"closed","ping_status":"closed","template":"","meta":{"_et_pb_use_builder":"on","_et_pb_old_content":"","_et_gb_content_width":"","footnotes":""},"class_list":["post-4163","page","type-page","status-publish","hentry"],"_links":{"self":[{"href":"https:\/\/noudisplay.com\/index.php\/wp-json\/wp\/v2\/pages\/4163","targetHints":{"allow":["GET"]}}],"collection":[{"href":"https:\/\/noudisplay.com\/index.php\/wp-json\/wp\/v2\/pages"}],"about":[{"href":"https:\/\/noudisplay.com\/index.php\/wp-json\/wp\/v2\/types\/page"}],"author":[{"embeddable":true,"href":"https:\/\/noudisplay.com\/index.php\/wp-json\/wp\/v2\/users\/1"}],"replies":[{"embeddable":true,"href":"https:\/\/noudisplay.com\/index.php\/wp-json\/wp\/v2\/comments?post=4163"}],"version-history":[{"count":51,"href":"https:\/\/noudisplay.com\/index.php\/wp-json\/wp\/v2\/pages\/4163\/revisions"}],"predecessor-version":[{"id":6192,"href":"https:\/\/noudisplay.com\/index.php\/wp-json\/wp\/v2\/pages\/4163\/revisions\/6192"}],"wp:attachment":[{"href":"https:\/\/noudisplay.com\/index.php\/wp-json\/wp\/v2\/media?parent=4163"}],"curies":[{"name":"wp","href":"https:\/\/api.w.org\/{rel}","templated":true}]}}