{"id":4146,"date":"2017-11-07T18:39:58","date_gmt":"2017-11-07T18:39:58","guid":{"rendered":"http:\/\/ciberpyme.barcelona\/noudisplay\/home\/"},"modified":"2017-12-24T18:26:34","modified_gmt":"2017-12-24T18:26:34","slug":"home-2-2","status":"publish","type":"page","link":"https:\/\/noudisplay.com\/index.php\/home-2-2\/?lang=fr","title":{"rendered":"Home"},"content":{"rendered":"<p>[et_pb_section bb_built=&#8221;1&#8243; _builder_version=&#8221;3.0.47&#8243; custom_padding=&#8221;0px|0px|0px|0px&#8221;][et_pb_row custom_padding=&#8221;0px|0px|1px|0px&#8221; make_equal=&#8221;on&#8221; module_class_1=&#8221;ds-vertical-align&#8221; module_class_2=&#8221;ds-vertical-align&#8221; _builder_version=&#8221;3.0.83&#8243; background_size=&#8221;initial&#8221; background_position=&#8221;top_left&#8221; background_repeat=&#8221;repeat&#8221; disabled=&#8221;off&#8221; disabled_on=&#8221;on|off|&#8221;][et_pb_column type=&#8221;1_2&#8243;][et_pb_image src=&#8221;http:\/\/ciberpyme.barcelona\/noudisplay\/wp-content\/uploads\/2017\/11\/D2_510x482.jpg&#8221; url_new_window=&#8221;off&#8221; _builder_version=&#8221;3.0.83&#8243; show_in_lightbox=&#8221;off&#8221; use_overlay=&#8221;off&#8221; always_center_on_mobile=&#8221;on&#8221; force_fullwidth=&#8221;off&#8221; show_bottom_space=&#8221;on&#8221; custom_margin=&#8221;||-50px|0px&#8221; \/][\/et_pb_column][et_pb_column type=&#8221;1_2&#8243;][et_pb_text _builder_version=&#8221;3.0.83&#8243; custom_margin=&#8221;|||-30px&#8221; text_text_color=&#8221;#666666&#8243;]<\/p>\n<p>La communication change, de nouvelles techniques apparaissent et la<br \/>\ntechnologie joue un r\u00f4le fondamental, mais plus de 70% des d\u00e9cisions d&#8217;achat<br \/>\ncontinuent de se prendre sur le lieu m\u00eame de la vente, o\u00f9 se produit le contact<br \/>\nphysique avec le produit. A l&#8217;instant de v\u00e9rit\u00e9 on ne peut pas \u00e9chouer.<\/p>\n<p>Dans ce sens l\u00e0, d\u00e9tacher, informer, s\u00e9duire et persuader continuent d&#8217;\u00eatre les<br \/>\nobjectifs fondamentaux sur le point de vente.<\/p>\n<p>[\/et_pb_text][\/et_pb_column][\/et_pb_row][et_pb_row custom_padding=&#8221;0px|0px|1px|0px&#8221; make_equal=&#8221;on&#8221; module_class_1=&#8221;ds-vertical-align&#8221; module_class_2=&#8221;ds-vertical-align&#8221; _builder_version=&#8221;3.0.83&#8243; background_size=&#8221;initial&#8221; background_position=&#8221;top_left&#8221; background_repeat=&#8221;repeat&#8221; disabled=&#8221;off&#8221; disabled_on=&#8221;|on|on&#8221;][et_pb_column type=&#8221;1_2&#8243;][et_pb_image src=&#8221;http:\/\/ciberpyme.barcelona\/noudisplay\/wp-content\/uploads\/2017\/11\/D2_510x482.jpg&#8221; url_new_window=&#8221;off&#8221; _builder_version=&#8221;3.0.83&#8243; show_in_lightbox=&#8221;off&#8221; use_overlay=&#8221;off&#8221; always_center_on_mobile=&#8221;on&#8221; force_fullwidth=&#8221;off&#8221; show_bottom_space=&#8221;on&#8221; \/][\/et_pb_column][et_pb_column type=&#8221;1_2&#8243;][et_pb_text _builder_version=&#8221;3.0.83&#8243; custom_margin=&#8221;|||0px&#8221; text_text_color=&#8221;#666666&#8243;]<\/p>\n<p>La communication change, de nouvelles techniques apparaissent et la technologie joue un r\u00f4le fondamental, mais plus de 70% des d\u00e9cisions d&#8217;achat continuent de se prendre sur le lieu m\u00eame de la vente, o\u00f9 se produit le contact physique avec le produit. A l&#8217;instant de v\u00e9rit\u00e9 on ne peut pas \u00e9chouer.<\/p>\n<p>Dans ce sens l\u00e0, d\u00e9tacher, informer, s\u00e9duire et persuader continuent d&#8217;\u00eatre les objectifs fondamentaux sur le point de vente.<\/p>\n<p>[\/et_pb_text][\/et_pb_column][\/et_pb_row][\/et_pb_section][et_pb_section bb_built=&#8221;1&#8243; fullwidth=&#8221;on&#8221; _builder_version=&#8221;3.0.83&#8243; custom_padding=&#8221;0px|0px|30px|0px&#8221;][et_pb_fullwidth_code _builder_version=&#8221;3.0.83&#8243; custom_margin=&#8221;||0px|&#8221;]&lt;hr&gt;[\/et_pb_fullwidth_code][\/et_pb_section][et_pb_section bb_built=&#8221;1&#8243; admin_label=&#8221;Section&#8221; _builder_version=&#8221;3.0.83&#8243; custom_padding=&#8221;0px||0px|&#8221; transparent_background=&#8221;off&#8221; padding_mobile=&#8221;on&#8221; global_module=&#8221;3917&#8243;][et_pb_row admin_label=&#8221;Row&#8221; global_parent=&#8221;3917&#8243; column_padding_mobile=&#8221;on&#8221; parallax_method_1=&#8221;off&#8221; parallax_method_2=&#8221;off&#8221; parallax_method_3=&#8221;off&#8221; _builder_version=&#8221;3.0.83&#8243; background_size=&#8221;initial&#8221; background_position=&#8221;top_left&#8221; background_repeat=&#8221;repeat&#8221; _i=&#8221;0&#8243; _address=&#8221;2.0&#8243; custom_margin=&#8221;-50px|||&#8221; disabled=&#8221;off&#8221; disabled_on=&#8221;on||&#8221;][et_pb_column type=&#8221;4_4&#8243;][et_pb_text global_parent=&#8221;3917&#8243; _builder_version=&#8221;3.0.83&#8243; text_text_color=&#8221;#f9820c&#8221; text_orientation=&#8221;center&#8221; module_alignment=&#8221;center&#8221;]<\/p>\n<p align=\"justify\">NOUDISPLAY, SL &nbsp;&nbsp;&nbsp;&nbsp;&nbsp;&nbsp;&nbsp;&nbsp;\u00b7&nbsp;&nbsp;&nbsp;&nbsp;&nbsp;&nbsp;&nbsp;&nbsp; Santander 49-51, entrep\u00f4t 15 &nbsp;&nbsp;&nbsp;&nbsp;&nbsp;&nbsp;&nbsp;&nbsp;\u00b7&nbsp;&nbsp;&nbsp;&nbsp;&nbsp;&nbsp;&nbsp;&nbsp; 08020 Barcelona &nbsp;&nbsp;&nbsp;&nbsp;&nbsp;&nbsp;&nbsp;&nbsp;\u00b7&nbsp;&nbsp;&nbsp;&nbsp;&nbsp;&nbsp;&nbsp;&nbsp; Tel. 93 457 11 16 &nbsp;&nbsp;&nbsp;&nbsp;&nbsp;&nbsp;&nbsp;&nbsp;\u00b7&nbsp;&nbsp;&nbsp;&nbsp; <a style=\"color: #f9820c; text-decoration: none;\" href=\"mailto:comercial@noudisplay.com\">comercial@noudisplay.com<\/a>&nbsp;&nbsp;&nbsp;&nbsp;&nbsp;&nbsp;&nbsp;&nbsp;&nbsp;&nbsp;&nbsp;<a style=\"color: #f9820c; text-decoration: none;\" href=\"\/noudisplay?page_id=216\">Nota Legal<\/a><\/p>\n<p>[\/et_pb_text][\/et_pb_column][\/et_pb_row][et_pb_row admin_label=&#8221;Row&#8221; global_parent=&#8221;3917&#8243; column_padding_mobile=&#8221;on&#8221; parallax_method_1=&#8221;off&#8221; parallax_method_2=&#8221;off&#8221; parallax_method_3=&#8221;off&#8221; _builder_version=&#8221;3.0.83&#8243; background_size=&#8221;initial&#8221; background_position=&#8221;top_left&#8221; background_repeat=&#8221;repeat&#8221; _i=&#8221;0&#8243; _address=&#8221;2.0&#8243; custom_margin=&#8221;-50px|||&#8221;][et_pb_column type=&#8221;4_4&#8243;][et_pb_text global_parent=&#8221;3917&#8243; _builder_version=&#8221;3.0.83&#8243; text_text_color=&#8221;#f9820c&#8221; text_orientation=&#8221;center&#8221; module_alignment=&#8221;center&#8221; disabled=&#8221;off&#8221; disabled_on=&#8221;|on|on&#8221;]<\/p>\n<p align=\"justify\">NOUDISPLAY, SL\u00a0 \u00b7\u00a0 Santander 49-51, entrep\u00f4t 15 \u00b7\u00a0 08020 Barcelona \u00b7\u00a0 Tel. 93 457 11 16\u00a0 \u00a0\u00b7\u00a0 \u00a0<a style=\"color: #f9820c; text-decoration: none;\" href=\"mailto:comercial@noudisplay.com\">comercial@noudisplay.com<\/a>\u00a0\u00a0\u00a0\u00a0\u00a0\u00a0\u00a0\u00a0\u00a0\u00a0\u00a0<a style=\"color: #f9820c; text-decoration: none;\" href=\"\/noudisplay?page_id=216\">Nota Legal<\/a><\/p>\n<p>[\/et_pb_text][\/et_pb_column][\/et_pb_row][\/et_pb_section]<\/p>\n","protected":false},"excerpt":{"rendered":"<p>La communication change, de nouvelles techniques apparaissent et la technologie joue un r\u00f4le fondamental, mais plus de 70% des d\u00e9cisions d&#8217;achat continuent de se prendre sur le lieu m\u00eame de la vente, o\u00f9 se produit le contact physique avec le produit. A l&#8217;instant de v\u00e9rit\u00e9 on ne peut pas \u00e9chouer. Dans ce sens l\u00e0, d\u00e9tacher, [&hellip;]<\/p>\n","protected":false},"author":1,"featured_media":0,"parent":0,"menu_order":0,"comment_status":"closed","ping_status":"closed","template":"","meta":{"_et_pb_use_builder":"on","_et_pb_old_content":"","_et_gb_content_width":"","footnotes":""},"class_list":["post-4146","page","type-page","status-publish","hentry"],"_links":{"self":[{"href":"https:\/\/noudisplay.com\/index.php\/wp-json\/wp\/v2\/pages\/4146","targetHints":{"allow":["GET"]}}],"collection":[{"href":"https:\/\/noudisplay.com\/index.php\/wp-json\/wp\/v2\/pages"}],"about":[{"href":"https:\/\/noudisplay.com\/index.php\/wp-json\/wp\/v2\/types\/page"}],"author":[{"embeddable":true,"href":"https:\/\/noudisplay.com\/index.php\/wp-json\/wp\/v2\/users\/1"}],"replies":[{"embeddable":true,"href":"https:\/\/noudisplay.com\/index.php\/wp-json\/wp\/v2\/comments?post=4146"}],"version-history":[{"count":26,"href":"https:\/\/noudisplay.com\/index.php\/wp-json\/wp\/v2\/pages\/4146\/revisions"}],"predecessor-version":[{"id":5476,"href":"https:\/\/noudisplay.com\/index.php\/wp-json\/wp\/v2\/pages\/4146\/revisions\/5476"}],"wp:attachment":[{"href":"https:\/\/noudisplay.com\/index.php\/wp-json\/wp\/v2\/media?parent=4146"}],"curies":[{"name":"wp","href":"https:\/\/api.w.org\/{rel}","templated":true}]}}