{"id":4054,"date":"2017-11-01T20:25:34","date_gmt":"2017-11-01T20:25:34","guid":{"rendered":"http:\/\/ciberpyme.barcelona\/noudisplay\/nota-legal\/"},"modified":"2018-01-03T19:19:21","modified_gmt":"2018-01-03T19:19:21","slug":"nota-legal","status":"publish","type":"page","link":"https:\/\/noudisplay.com\/index.php\/nota-legal\/?lang=es","title":{"rendered":"NOTA LEGAL"},"content":{"rendered":"<p>[et_pb_section bb_built=&#8221;1&#8243;][et_pb_row _builder_version=&#8221;3.0.83&#8243; custom_margin=&#8221;-30px||-50px|&#8221;][et_pb_column type=&#8221;4_4&#8243;][et_pb_text _builder_version=&#8221;3.0.83&#8243; text_text_color=&#8221;#666666&#8243;]<\/p>\n<h1 style=\"color: #666666;\">NOTA LEGAL<\/h1>\n<p>En cumplimiento de lo que establece la Ley Org\u00e1nica 15\/1999, de 13 de diciembre, sobre protecci\u00f3n de datos de car\u00e1cter personal, les informamos que sus datos personales recogidos por medio de esta web ser\u00e1n tratados de forma confidencial y se destinar\u00e1n exclusivamente a las finalidades expresadas en cada caso.<\/p>\n<p>Los derechos de autor, los textos, las im\u00e1genes y el resto de contenidos incluidos en esta web son propiedad exclusiva de NOUDISPLAY, SL, con sede y domicilio social en: <\/p>\n<p>Calle Santander 49-52, nau 15<br \/>\n08020 Barcelona<br \/>\nNIF B-65792103<\/p>\n<p>Cualquier acto de transmisi\u00f3n, distribuci\u00f3n, cesi\u00f3n, reproducci\u00f3n, comercializaci\u00f3n, almacenamiento, comunicaci\u00f3n p\u00fablica o transformaci\u00f3n, total o parcial, necesita el consentimiento expreso y escrito de NOUDISPLAY, SL.<\/p>\n<p>Respecto a los derechos de propiedad intelectual, los contenidos y elementos gr\u00e1ficos que forman parte del sitio web noudisplay.com son de titularidad exclusiva de NOUDISPLAY, SL y de sus autores y tienen la consideraci\u00f3n de obras protegidas, de acuerdo con el Real Decreto Legislativo 1\/1996, de 12 de abril, por el que se aprueba el texto refundido de la Ley de Propiedad Intelectual.<\/p>\n<p>[\/et_pb_text][\/et_pb_column][\/et_pb_row][\/et_pb_section]<\/p>\n","protected":false},"excerpt":{"rendered":"<p>NOTA LEGAL En cumplimiento de lo que establece la Ley Org\u00e1nica 15\/1999, de 13 de diciembre, sobre protecci\u00f3n de datos de car\u00e1cter personal, les informamos que sus datos personales recogidos por medio de esta web ser\u00e1n tratados de forma confidencial y se destinar\u00e1n exclusivamente a las finalidades expresadas en cada caso. Los derechos de autor, [&hellip;]<\/p>\n","protected":false},"author":1,"featured_media":0,"parent":0,"menu_order":0,"comment_status":"closed","ping_status":"closed","template":"","meta":{"_et_pb_use_builder":"on","_et_pb_old_content":"","_et_gb_content_width":"","footnotes":""},"class_list":["post-4054","page","type-page","status-publish","hentry"],"_links":{"self":[{"href":"https:\/\/noudisplay.com\/index.php\/wp-json\/wp\/v2\/pages\/4054","targetHints":{"allow":["GET"]}}],"collection":[{"href":"https:\/\/noudisplay.com\/index.php\/wp-json\/wp\/v2\/pages"}],"about":[{"href":"https:\/\/noudisplay.com\/index.php\/wp-json\/wp\/v2\/types\/page"}],"author":[{"embeddable":true,"href":"https:\/\/noudisplay.com\/index.php\/wp-json\/wp\/v2\/users\/1"}],"replies":[{"embeddable":true,"href":"https:\/\/noudisplay.com\/index.php\/wp-json\/wp\/v2\/comments?post=4054"}],"version-history":[{"count":7,"href":"https:\/\/noudisplay.com\/index.php\/wp-json\/wp\/v2\/pages\/4054\/revisions"}],"predecessor-version":[{"id":5924,"href":"https:\/\/noudisplay.com\/index.php\/wp-json\/wp\/v2\/pages\/4054\/revisions\/5924"}],"wp:attachment":[{"href":"https:\/\/noudisplay.com\/index.php\/wp-json\/wp\/v2\/media?parent=4054"}],"curies":[{"name":"wp","href":"https:\/\/api.w.org\/{rel}","templated":true}]}}