{"id":4014,"date":"2017-10-11T20:13:25","date_gmt":"2017-10-11T19:13:25","guid":{"rendered":"http:\/\/ciberpyme.barcelona\/noudisplay\/home\/"},"modified":"2017-12-24T18:24:09","modified_gmt":"2017-12-24T18:24:09","slug":"home-2-2","status":"publish","type":"page","link":"https:\/\/noudisplay.com\/index.php\/home-2-2\/?lang=es","title":{"rendered":"Home"},"content":{"rendered":"<p>[et_pb_section bb_built=&#8221;1&#8243; _builder_version=&#8221;3.0.47&#8243; custom_padding=&#8221;0px|0px|0px|0px&#8221;][et_pb_row custom_padding=&#8221;0px|0px|1px|0px&#8221; make_equal=&#8221;on&#8221; module_class_1=&#8221;ds-vertical-align&#8221; module_class_2=&#8221;ds-vertical-align&#8221; _builder_version=&#8221;3.0.83&#8243; background_size=&#8221;initial&#8221; background_position=&#8221;top_left&#8221; background_repeat=&#8221;repeat&#8221; disabled=&#8221;off&#8221; disabled_on=&#8221;on|off|&#8221;][et_pb_column type=&#8221;1_2&#8243;][et_pb_image src=&#8221;http:\/\/ciberpyme.barcelona\/noudisplay\/wp-content\/uploads\/2017\/10\/D1_510x482.jpg&#8221; url_new_window=&#8221;off&#8221; _builder_version=&#8221;3.0.83&#8243; show_in_lightbox=&#8221;off&#8221; use_overlay=&#8221;off&#8221; always_center_on_mobile=&#8221;on&#8221; force_fullwidth=&#8221;off&#8221; show_bottom_space=&#8221;on&#8221; custom_margin=&#8221;||-50px|0px&#8221; \/][\/et_pb_column][et_pb_column type=&#8221;1_2&#8243;][et_pb_text _builder_version=&#8221;3.0.83&#8243; custom_margin=&#8221;|||-30px&#8221; text_text_color=&#8221;#666666&#8243;]<\/p>\n<p>Cambia la comunicaci\u00f3n, aparecen nuevas t\u00e9cnicas y la tecnolog\u00eda juega un<br \/>\npapel fundamental. A pesar de todo, m\u00e1s del 70% de las decisiones de compra<br \/>\nsiguen tom\u00e1ndose en el propio punto de venta, donde se produce el contacto<br \/>\nf\u00edsico con el producto. Es el momento de la verdad y no se puede fallar.<\/p>\n<p>Y all\u00ed, destacar, informar y seducir siguen siendo los objetivos fundamentales.<\/p>\n<p>[\/et_pb_text][\/et_pb_column][\/et_pb_row][et_pb_row custom_padding=&#8221;0px|0px|1px|0px&#8221; make_equal=&#8221;on&#8221; module_class_1=&#8221;ds-vertical-align&#8221; module_class_2=&#8221;ds-vertical-align&#8221; _builder_version=&#8221;3.0.83&#8243; background_size=&#8221;initial&#8221; background_position=&#8221;top_left&#8221; background_repeat=&#8221;repeat&#8221; disabled=&#8221;off&#8221; disabled_on=&#8221;|on|on&#8221;][et_pb_column type=&#8221;1_2&#8243;][et_pb_image src=&#8221;http:\/\/ciberpyme.barcelona\/noudisplay\/wp-content\/uploads\/2017\/10\/Imatge-Nespresso-home04-1.jpg&#8221; url=&#8221;http:\/\/ciberpyme.barcelona\/noudisplay\/wp-content\/uploads\/2017\/10\/Imatge-Nespresso-home.jpg&#8221; url_new_window=&#8221;off&#8221; _builder_version=&#8221;3.0.83&#8243; show_in_lightbox=&#8221;off&#8221; use_overlay=&#8221;off&#8221; always_center_on_mobile=&#8221;on&#8221; force_fullwidth=&#8221;off&#8221; show_bottom_space=&#8221;on&#8221; \/][\/et_pb_column][et_pb_column type=&#8221;1_2&#8243;][et_pb_text _builder_version=&#8221;3.0.83&#8243; custom_margin=&#8221;|||0px&#8221; text_text_color=&#8221;#666666&#8243;]<\/p>\n<p>Cambia la comunicaci\u00f3n, aparecen nuevas t\u00e9cnicas y la tecnolog\u00eda juega un papel fundamental. A pesar de todo, m\u00e1s del 70% de las decisiones de compra siguen tom\u00e1ndose en el propio punto de venta, donde se produce el contacto f\u00edsico con el producto. Es el momento de la verdad y no se puede fallar.<br \/>\nY all\u00ed, destacar, informar y seducir siguen siendo los objetivos fundamentales.<\/p>\n<p>[\/et_pb_text][\/et_pb_column][\/et_pb_row][\/et_pb_section][et_pb_section bb_built=&#8221;1&#8243; fullwidth=&#8221;on&#8221; _builder_version=&#8221;3.0.83&#8243; custom_padding=&#8221;0px|0px|30px|0px&#8221; global_module=&#8221;3916&#8243;][et_pb_fullwidth_code global_parent=&#8221;3916&#8243; _builder_version=&#8221;3.0.83&#8243; custom_margin=&#8221;||0px|&#8221;]&lt;hr&gt;[\/et_pb_fullwidth_code][\/et_pb_section][et_pb_section bb_built=&#8221;1&#8243; admin_label=&#8221;Section&#8221; _builder_version=&#8221;3.0.83&#8243; custom_padding=&#8221;0px||0px|&#8221; transparent_background=&#8221;off&#8221; padding_mobile=&#8221;on&#8221; global_module=&#8221;3917&#8243;][et_pb_row admin_label=&#8221;Row&#8221; global_parent=&#8221;3917&#8243; column_padding_mobile=&#8221;on&#8221; parallax_method_1=&#8221;off&#8221; parallax_method_2=&#8221;off&#8221; parallax_method_3=&#8221;off&#8221; _builder_version=&#8221;3.0.83&#8243; background_size=&#8221;initial&#8221; background_position=&#8221;top_left&#8221; background_repeat=&#8221;repeat&#8221; _i=&#8221;0&#8243; _address=&#8221;2.0&#8243; custom_margin=&#8221;-50px|||&#8221; disabled=&#8221;off&#8221; disabled_on=&#8221;on||&#8221;][et_pb_column type=&#8221;4_4&#8243;][et_pb_text global_parent=&#8221;3917&#8243; _builder_version=&#8221;3.0.83&#8243; text_text_color=&#8221;#f9820c&#8221; text_orientation=&#8221;center&#8221; module_alignment=&#8221;center&#8221;]<\/p>\n<p align=\"justify\">NOUDISPLAY, SL \u00a0\u00a0\u00a0\u00a0\u00a0\u00a0\u00a0\u00a0\u00b7\u00a0\u00a0\u00a0\u00a0\u00a0\u00a0\u00a0\u00a0 Santander 49-51, nave 15 \u00a0\u00a0\u00a0\u00a0\u00a0\u00a0\u00a0\u00a0\u00b7\u00a0\u00a0\u00a0\u00a0\u00a0\u00a0\u00a0\u00a0 08020 Barcelona \u00a0\u00a0\u00a0\u00a0\u00a0\u00a0\u00a0\u00a0\u00b7\u00a0\u00a0\u00a0\u00a0\u00a0\u00a0\u00a0\u00a0 Tel. 93 457 11 16 \u00a0\u00a0\u00a0\u00a0\u00a0\u00a0\u00a0\u00a0\u00b7\u00a0\u00a0\u00a0\u00a0 <a style=\"color: #f9820c; text-decoration: none;\" href=\"mailto:comercial@noudisplay.com\">comercial@noudisplay.com<\/a>\u00a0\u00a0\u00a0\u00a0\u00a0\u00a0\u00a0\u00a0\u00a0\u00a0\u00a0<a style=\"color: #f9820c; text-decoration: none;\" href=\"http:\/\/ciberpyme.barcelona\/noudisplay\/es\/nota-legal\/\">Nota Legal<\/a><\/p>\n<p>[\/et_pb_text][\/et_pb_column][\/et_pb_row][et_pb_row admin_label=&#8221;Row&#8221; global_parent=&#8221;3917&#8243; column_padding_mobile=&#8221;on&#8221; parallax_method_1=&#8221;off&#8221; parallax_method_2=&#8221;off&#8221; parallax_method_3=&#8221;off&#8221; _builder_version=&#8221;3.0.83&#8243; background_size=&#8221;initial&#8221; background_position=&#8221;top_left&#8221; background_repeat=&#8221;repeat&#8221; _i=&#8221;0&#8243; _address=&#8221;2.0&#8243; custom_margin=&#8221;-50px|||&#8221;][et_pb_column type=&#8221;4_4&#8243;][et_pb_text global_parent=&#8221;3917&#8243; _builder_version=&#8221;3.0.83&#8243; text_text_color=&#8221;#f9820c&#8221; text_orientation=&#8221;center&#8221; module_alignment=&#8221;center&#8221; disabled=&#8221;off&#8221; disabled_on=&#8221;|on|on&#8221;]<\/p>\n<p align=\"justify\">NOUDISPLAY, SL\u00a0 \u00b7\u00a0 Santander 49-51, nave 15 \u00b7\u00a0 08020 Barcelona \u00b7\u00a0 Tel. 93 457 11 16\u00a0 \u00a0\u00b7\u00a0 \u00a0<a style=\"color: #f9820c; text-decoration: none;\" href=\"mailto:comercial@noudisplay.com\">comercial@noudisplay.com<\/a>\u00a0\u00a0\u00a0\u00a0\u00a0\u00a0\u00a0\u00a0\u00a0\u00a0\u00a0<a style=\"color: #f9820c; text-decoration: none;\" href=\"http:\/\/ciberpyme.barcelona\/noudisplay\/es\/nota-legal\/\">Nota Legal<\/a><\/p>\n<p>[\/et_pb_text][\/et_pb_column][\/et_pb_row][\/et_pb_section]<\/p>\n","protected":false},"excerpt":{"rendered":"<p>Cambia la comunicaci\u00f3n, aparecen nuevas t\u00e9cnicas y la tecnolog\u00eda juega un papel fundamental. A pesar de todo, m\u00e1s del 70% de las decisiones de compra siguen tom\u00e1ndose en el propio punto de venta, donde se produce el contacto f\u00edsico con el producto. Es el momento de la verdad y no se puede fallar. Y all\u00ed, [&hellip;]<\/p>\n","protected":false},"author":1,"featured_media":0,"parent":0,"menu_order":0,"comment_status":"closed","ping_status":"closed","template":"","meta":{"_et_pb_use_builder":"on","_et_pb_old_content":"","_et_gb_content_width":"","footnotes":""},"class_list":["post-4014","page","type-page","status-publish","hentry"],"_links":{"self":[{"href":"https:\/\/noudisplay.com\/index.php\/wp-json\/wp\/v2\/pages\/4014","targetHints":{"allow":["GET"]}}],"collection":[{"href":"https:\/\/noudisplay.com\/index.php\/wp-json\/wp\/v2\/pages"}],"about":[{"href":"https:\/\/noudisplay.com\/index.php\/wp-json\/wp\/v2\/types\/page"}],"author":[{"embeddable":true,"href":"https:\/\/noudisplay.com\/index.php\/wp-json\/wp\/v2\/users\/1"}],"replies":[{"embeddable":true,"href":"https:\/\/noudisplay.com\/index.php\/wp-json\/wp\/v2\/comments?post=4014"}],"version-history":[{"count":24,"href":"https:\/\/noudisplay.com\/index.php\/wp-json\/wp\/v2\/pages\/4014\/revisions"}],"predecessor-version":[{"id":5473,"href":"https:\/\/noudisplay.com\/index.php\/wp-json\/wp\/v2\/pages\/4014\/revisions\/5473"}],"wp:attachment":[{"href":"https:\/\/noudisplay.com\/index.php\/wp-json\/wp\/v2\/media?parent=4014"}],"curies":[{"name":"wp","href":"https:\/\/api.w.org\/{rel}","templated":true}]}}